{"id":54603,"date":"2025-05-23T14:26:05","date_gmt":"2025-05-23T12:26:05","guid":{"rendered":"https:\/\/haphellegat.mindd.dev\/?page_id=54603"},"modified":"2025-08-18T17:48:41","modified_gmt":"2025-08-18T15:48:41","slug":"kosten","status":"publish","type":"page","link":"https:\/\/haphellegat.nl\/de\/kosten\/","title":{"rendered":"Kosten"},"content":{"rendered":"\n<p>Jeder Kontakt mit dem \u00c4rztlichen Notdienst Deutsch wird in Rechnung gestellt. Die Grundversicherung \u00fcbernimmt die Kosten des Hausarztes und damit auch des \u00c4rztlichen Notdienstes Deutsch. Wenn Sie versichert sind, geht die Rechnung direkt an Ihre Krankenkasse.<\/p>\n\n\n\n<p>Touristen und Patienten, die nicht nachweisen k\u00f6nnen, dass sie versichert sind oder keine Europ\u00e4ische Krankenversicherungskarte (EHIC) besitzen, m\u00fcssen direkt auf der \u00e4rztlichen Station des Hausarztes (mit Karte) bezahlen. Es wird eine Quittung ausgestellt und die Kosten k\u00f6nnen selbst bei der Krankenkasse eingereicht werden.<\/p>\n\n\n\n<p><strong><em>Was ist der Unterschied zwischen einer Triage-Beratung und einer Beratung?<\/em><\/strong><\/p>\n\n\n\n<p><span style=\"text-decoration: underline;\">Triage-Beratung<\/span>: Die Triage-Schwester beurteilt den Hilferuf des Anrufers und Sie erhalten von der Triage-Schwester telefonisch eine Erkl\u00e4rung und Beratung.<\/p>\n\n\n\n<p><span style=\"text-decoration: underline;\">Beratung<\/span>: Die Triage-Krankenschwester wird f\u00fcr Sie einen Termin auf der \u00e4rztlichen Station des Hausarztes vereinbaren. Sie werden von einem Hausarzt untersucht. Auch wenn der Hausarzt in eine Krankenakte eintauchen muss, um gute Ratschl\u00e4ge geben zu k\u00f6nnen oder ein Wiederholungsrezept zu verfassen, wird dies als Beratungsgespr\u00e4ch berechnet.<br>Hinweis: Die Notrufstationen des Hausarztes legen keine eigenen Tarife fest. Dies geschieht durch die <a href=\"https:\/\/www.nza.nl\/\" target=\"_blank\" rel=\"noreferrer noopener\">niederl\u00e4ndische Gesundheitsbeh\u00f6rde (NZa).<\/a><\/p>\n\n\n\n<p>Erscheint ein Patient nicht zur Sprechstunde, wird ihm eine Geb\u00fchr in Rechnung gestellt.<\/p>\n\n\n\n<p><\/p>\n","protected":false},"excerpt":{"rendered":"<p>Jeder Kontakt mit dem \u00c4rztlichen Notdienst Deutsch wird in Rechnung gestellt. Die Grundversicherung \u00fcbernimmt die Kosten des Hausarztes und damit auch des \u00c4rztlichen Notdienstes Deutsch. Wenn Sie versichert sind, geht die Rechnung direkt an Ihre Krankenkasse. Touristen und Patienten, die nicht nachweisen k\u00f6nnen, dass sie versichert sind oder keine Europ\u00e4ische Krankenversicherungskarte (EHIC) besitzen, m\u00fcssen direkt [&hellip;]<\/p>\n","protected":false},"author":3,"featured_media":0,"parent":0,"menu_order":0,"comment_status":"closed","ping_status":"closed","template":"","meta":{"_acf_changed":false,"_trash_the_other_posts":false,"editor_notices":[],"footnotes":""},"class_list":["post-54603","page","type-page","status-publish","hentry"],"acf":[],"yoast_head":"<!-- This site is optimized with the Yoast SEO plugin v26.6 - https:\/\/yoast.com\/wordpress\/plugins\/seo\/ -->\n<title>Kosten - Huisartsenpost &#039;t Hellegat - Deutsch<\/title>\n<meta name=\"robots\" content=\"index, follow, max-snippet:-1, max-image-preview:large, max-video-preview:-1\" \/>\n<link rel=\"canonical\" href=\"https:\/\/haphellegat.nl\/de\/kosten\/\" \/>\n<meta property=\"og:locale\" content=\"de_DE\" \/>\n<meta property=\"og:type\" content=\"article\" \/>\n<meta property=\"og:title\" content=\"Kosten - Huisartsenpost &#039;t Hellegat - Deutsch\" \/>\n<meta property=\"og:description\" content=\"Jeder Kontakt mit dem \u00c4rztlichen Notdienst Deutsch wird in Rechnung gestellt. Die Grundversicherung \u00fcbernimmt die Kosten des Hausarztes und damit auch des \u00c4rztlichen Notdienstes Deutsch. Wenn Sie versichert sind, geht die Rechnung direkt an Ihre Krankenkasse. Touristen und Patienten, die nicht nachweisen k\u00f6nnen, dass sie versichert sind oder keine Europ\u00e4ische Krankenversicherungskarte (EHIC) besitzen, m\u00fcssen direkt [&hellip;]\" \/>\n<meta property=\"og:url\" content=\"https:\/\/haphellegat.nl\/de\/kosten\/\" \/>\n<meta property=\"og:site_name\" content=\"Huisartsenpost &#039;t Hellegat - Deutsch\" \/>\n<meta property=\"article:modified_time\" content=\"2025-08-18T15:48:41+00:00\" \/>\n<meta name=\"twitter:card\" content=\"summary_large_image\" \/>\n<meta name=\"twitter:label1\" content=\"Gesch\u00e4tzte Lesezeit\" \/>\n\t<meta name=\"twitter:data1\" content=\"1\u00a0Minute\" \/>\n<script type=\"application\/ld+json\" class=\"yoast-schema-graph\">{\"@context\":\"https:\/\/schema.org\",\"@graph\":[{\"@type\":\"WebPage\",\"@id\":\"https:\/\/haphellegat.nl\/de\/kosten\/\",\"url\":\"https:\/\/haphellegat.nl\/de\/kosten\/\",\"name\":\"Kosten - Huisartsenpost &#039;t Hellegat - Deutsch\",\"isPartOf\":{\"@id\":\"https:\/\/haphellegat.nl\/de\/#website\"},\"datePublished\":\"2025-05-23T12:26:05+00:00\",\"dateModified\":\"2025-08-18T15:48:41+00:00\",\"breadcrumb\":{\"@id\":\"https:\/\/haphellegat.nl\/de\/kosten\/#breadcrumb\"},\"inLanguage\":\"de\",\"potentialAction\":[{\"@type\":\"ReadAction\",\"target\":[\"https:\/\/haphellegat.nl\/de\/kosten\/\"]}]},{\"@type\":\"BreadcrumbList\",\"@id\":\"https:\/\/haphellegat.nl\/de\/kosten\/#breadcrumb\",\"itemListElement\":[{\"@type\":\"ListItem\",\"position\":1,\"name\":\"Home\",\"item\":\"https:\/\/haphellegat.nl\/de\/\"},{\"@type\":\"ListItem\",\"position\":2,\"name\":\"Kosten\"}]},{\"@type\":\"WebSite\",\"@id\":\"https:\/\/haphellegat.nl\/de\/#website\",\"url\":\"https:\/\/haphellegat.nl\/de\/\",\"name\":\"Huisartsenpost &#039;t Hellegat - Deutsch\",\"description\":\"\",\"potentialAction\":[{\"@type\":\"SearchAction\",\"target\":{\"@type\":\"EntryPoint\",\"urlTemplate\":\"https:\/\/haphellegat.nl\/de\/?s={search_term_string}\"},\"query-input\":{\"@type\":\"PropertyValueSpecification\",\"valueRequired\":true,\"valueName\":\"search_term_string\"}}],\"inLanguage\":\"de\"}]}<\/script>\n<!-- \/ Yoast SEO plugin. -->","yoast_head_json":{"title":"Kosten - Huisartsenpost &#039;t Hellegat - Deutsch","robots":{"index":"index","follow":"follow","max-snippet":"max-snippet:-1","max-image-preview":"max-image-preview:large","max-video-preview":"max-video-preview:-1"},"canonical":"https:\/\/haphellegat.nl\/de\/kosten\/","og_locale":"de_DE","og_type":"article","og_title":"Kosten - Huisartsenpost &#039;t Hellegat - Deutsch","og_description":"Jeder Kontakt mit dem \u00c4rztlichen Notdienst Deutsch wird in Rechnung gestellt. Die Grundversicherung \u00fcbernimmt die Kosten des Hausarztes und damit auch des \u00c4rztlichen Notdienstes Deutsch. Wenn Sie versichert sind, geht die Rechnung direkt an Ihre Krankenkasse. Touristen und Patienten, die nicht nachweisen k\u00f6nnen, dass sie versichert sind oder keine Europ\u00e4ische Krankenversicherungskarte (EHIC) besitzen, m\u00fcssen direkt [&hellip;]","og_url":"https:\/\/haphellegat.nl\/de\/kosten\/","og_site_name":"Huisartsenpost &#039;t Hellegat - Deutsch","article_modified_time":"2025-08-18T15:48:41+00:00","twitter_card":"summary_large_image","twitter_misc":{"Gesch\u00e4tzte Lesezeit":"1\u00a0Minute"},"schema":{"@context":"https:\/\/schema.org","@graph":[{"@type":"WebPage","@id":"https:\/\/haphellegat.nl\/de\/kosten\/","url":"https:\/\/haphellegat.nl\/de\/kosten\/","name":"Kosten - Huisartsenpost &#039;t Hellegat - Deutsch","isPartOf":{"@id":"https:\/\/haphellegat.nl\/de\/#website"},"datePublished":"2025-05-23T12:26:05+00:00","dateModified":"2025-08-18T15:48:41+00:00","breadcrumb":{"@id":"https:\/\/haphellegat.nl\/de\/kosten\/#breadcrumb"},"inLanguage":"de","potentialAction":[{"@type":"ReadAction","target":["https:\/\/haphellegat.nl\/de\/kosten\/"]}]},{"@type":"BreadcrumbList","@id":"https:\/\/haphellegat.nl\/de\/kosten\/#breadcrumb","itemListElement":[{"@type":"ListItem","position":1,"name":"Home","item":"https:\/\/haphellegat.nl\/de\/"},{"@type":"ListItem","position":2,"name":"Kosten"}]},{"@type":"WebSite","@id":"https:\/\/haphellegat.nl\/de\/#website","url":"https:\/\/haphellegat.nl\/de\/","name":"Huisartsenpost &#039;t Hellegat - Deutsch","description":"","potentialAction":[{"@type":"SearchAction","target":{"@type":"EntryPoint","urlTemplate":"https:\/\/haphellegat.nl\/de\/?s={search_term_string}"},"query-input":{"@type":"PropertyValueSpecification","valueRequired":true,"valueName":"search_term_string"}}],"inLanguage":"de"}]}},"_links":{"self":[{"href":"https:\/\/haphellegat.nl\/de\/wp-json\/wp\/v2\/pages\/54603","targetHints":{"allow":["GET"]}}],"collection":[{"href":"https:\/\/haphellegat.nl\/de\/wp-json\/wp\/v2\/pages"}],"about":[{"href":"https:\/\/haphellegat.nl\/de\/wp-json\/wp\/v2\/types\/page"}],"author":[{"embeddable":true,"href":"https:\/\/haphellegat.nl\/de\/wp-json\/wp\/v2\/users\/3"}],"replies":[{"embeddable":true,"href":"https:\/\/haphellegat.nl\/de\/wp-json\/wp\/v2\/comments?post=54603"}],"version-history":[{"count":3,"href":"https:\/\/haphellegat.nl\/de\/wp-json\/wp\/v2\/pages\/54603\/revisions"}],"predecessor-version":[{"id":54686,"href":"https:\/\/haphellegat.nl\/de\/wp-json\/wp\/v2\/pages\/54603\/revisions\/54686"}],"wp:attachment":[{"href":"https:\/\/haphellegat.nl\/de\/wp-json\/wp\/v2\/media?parent=54603"}],"curies":[{"name":"wp","href":"https:\/\/api.w.org\/{rel}","templated":true}]}}