{"id":54597,"date":"2025-05-23T13:48:16","date_gmt":"2025-05-23T11:48:16","guid":{"rendered":"https:\/\/haphellegat.mindd.dev\/?page_id=54597"},"modified":"2025-08-18T17:48:42","modified_gmt":"2025-08-18T15:48:42","slug":"verfahren","status":"publish","type":"page","link":"https:\/\/haphellegat.nl\/de\/verfahren\/","title":{"rendered":"Verfahren"},"content":{"rendered":"\n<h3 class=\"wp-block-heading\">Wie funktioniert die medizinische Station des Hausarztes?<\/h3>\n\n\n\n<p><strong>Gehen Sie zuerst die Fragen durch (Muss ich zum Arzt?)<\/strong><\/p>\n\n\n\n<p>Sie k\u00f6nnen nicht einfach auf der medizinischen Station des Hausarztes vorbeischauen. Die Hausarztstation ist nur f\u00fcr dringende Beschwerden gedacht, die nicht bis zum n\u00e4chsten Werktag warten k\u00f6nnen. Gehen Sie zun\u00e4chst einige Fragen auf dieser Website durch, um zu beurteilen, ob Sie sich an sie wenden sollten.<\/p>\n\n\n\n<p><strong>Daten zur Hand, wenn Sie anrufen<\/strong><\/p>\n\n\n\n<p>Rufen Sie die medizinische Station an? Dann stellen Sie sicher, dass Sie die folgenden Informationen zur Hand haben:<\/p>\n\n\n\n<ul class=\"wp-block-list\">\n<li>Ihre B\u00fcrgerservicenummer (BSN).<\/li>\n<\/ul>\n\n\n\n<p>Diese befindet sich auf Ihrem Ausweisdokument (Reisepass, Personalausweis oder F\u00fchrerschein) und hat 9 Ziffern<\/p>\n\n\n\n<ul class=\"wp-block-list\">\n<li>Geburtsdatum, Adresse und Telefonnummer<\/li>\n\n\n\n<li>den Namen Ihres Hausarztes oder Ihrer Hausarztpraxis<\/li>\n<\/ul>\n\n\n\n<p>Am Telefon werden Sie m\u00f6glicherweise auch zu folgenden Themen befragt:<\/p>\n\n\n\n<ul class=\"wp-block-list\">\n<li>Ihre Krankengeschichte (soweit dies f\u00fcr Ihr Hilfeersuchen relevant ist)<\/li>\n\n\n\n<li>Medikamente, die Sie m\u00f6glicherweise einnehmen<\/li>\n<\/ul>\n\n\n\n<p><strong>Rufen Sie nach jemand anderem?<\/strong><\/p>\n\n\n\n<p>Lassen Sie den Patienten nach M\u00f6glichkeit selbst Kontakt mit der medizinischen Station aufnehmen. Ist das nicht m\u00f6glich? Geben Sie dann alle Details der Person an, die Hilfe ben\u00f6tigt. Stellen Sie auch sicher, dass Sie sich in der N\u00e4he des Patienten befinden, wenn Sie anrufen. Sie k\u00f6nnen dann die Symptome so gut wie m\u00f6glich beschreiben. Manchmal m\u00f6chte die Triage-Schwester (Arzthelferin) dem Patienten auch selbst ein paar Fragen stellen.<\/p>\n\n\n\n<p><strong>Was k\u00f6nnen Sie erwarten?<\/strong><\/p>\n\n\n\n<p>Wenn Sie anrufen, erhalten Sie eine Triage-Krankenschwester am Telefon. Eine Triage-Krankenschwester verf\u00fcgt \u00fcber umfangreiche medizinische Kenntnisse und ist speziell geschult, um schnell festzustellen, wie ernst Ihre Symptome sind und was erforderlich ist. Dies geschieht bei Bedarf in Absprache mit dem Hausarzt, der auf der Sanit\u00e4tsstation Dienst hat.<\/p>\n\n\n\n<p><strong>Wiederholung von Verschreibungen<\/strong> In der Regel vereinbaren Patienten Wiederholungsrezepte mit ihrem Hausarzt. Nur in dringenden F\u00e4llen ist es dem diensthabenden Hausarzt m\u00f6glich, eine Wiederholungsverschreibung zu verschreiben. Der Arzt verschreibt Ihnen dann bis zur n\u00e4chsten Sprechstunde des eigenen Hausarztes so viele Medikamente wie n\u00f6tig. Bitte beachten Sie, dass die Apotheke au\u00dferhalb der B\u00fcrozeiten zus\u00e4tzliche Geb\u00fchren erhebt.<\/p>\n","protected":false},"excerpt":{"rendered":"<p>Wie funktioniert die medizinische Station des Hausarztes? Gehen Sie zuerst die Fragen durch (Muss ich zum Arzt?) Sie k\u00f6nnen nicht einfach auf der medizinischen Station des Hausarztes vorbeischauen. Die Hausarztstation ist nur f\u00fcr dringende Beschwerden gedacht, die nicht bis zum n\u00e4chsten Werktag warten k\u00f6nnen. Gehen Sie zun\u00e4chst einige Fragen auf dieser Website durch, um zu [&hellip;]<\/p>\n","protected":false},"author":3,"featured_media":0,"parent":0,"menu_order":0,"comment_status":"closed","ping_status":"closed","template":"","meta":{"_acf_changed":false,"_trash_the_other_posts":false,"editor_notices":[],"footnotes":""},"class_list":["post-54597","page","type-page","status-publish","hentry"],"acf":[],"yoast_head":"<!-- This site is optimized with the Yoast SEO plugin v26.6 - https:\/\/yoast.com\/wordpress\/plugins\/seo\/ -->\n<title>Verfahren - Huisartsenpost &#039;t Hellegat - Deutsch<\/title>\n<meta name=\"robots\" content=\"index, follow, max-snippet:-1, max-image-preview:large, max-video-preview:-1\" \/>\n<link rel=\"canonical\" href=\"https:\/\/haphellegat.nl\/de\/verfahren\/\" \/>\n<meta property=\"og:locale\" content=\"de_DE\" \/>\n<meta property=\"og:type\" content=\"article\" \/>\n<meta property=\"og:title\" content=\"Verfahren - Huisartsenpost &#039;t Hellegat - Deutsch\" \/>\n<meta property=\"og:description\" content=\"Wie funktioniert die medizinische Station des Hausarztes? Gehen Sie zuerst die Fragen durch (Muss ich zum Arzt?) Sie k\u00f6nnen nicht einfach auf der medizinischen Station des Hausarztes vorbeischauen. Die Hausarztstation ist nur f\u00fcr dringende Beschwerden gedacht, die nicht bis zum n\u00e4chsten Werktag warten k\u00f6nnen. Gehen Sie zun\u00e4chst einige Fragen auf dieser Website durch, um zu [&hellip;]\" \/>\n<meta property=\"og:url\" content=\"https:\/\/haphellegat.nl\/de\/verfahren\/\" \/>\n<meta property=\"og:site_name\" content=\"Huisartsenpost &#039;t Hellegat - Deutsch\" \/>\n<meta property=\"article:modified_time\" content=\"2025-08-18T15:48:42+00:00\" \/>\n<meta name=\"twitter:card\" content=\"summary_large_image\" \/>\n<meta name=\"twitter:label1\" content=\"Gesch\u00e4tzte Lesezeit\" \/>\n\t<meta name=\"twitter:data1\" content=\"2\u00a0Minuten\" \/>\n<script type=\"application\/ld+json\" class=\"yoast-schema-graph\">{\"@context\":\"https:\/\/schema.org\",\"@graph\":[{\"@type\":\"WebPage\",\"@id\":\"https:\/\/haphellegat.nl\/de\/verfahren\/\",\"url\":\"https:\/\/haphellegat.nl\/de\/verfahren\/\",\"name\":\"Verfahren - Huisartsenpost &#039;t Hellegat - Deutsch\",\"isPartOf\":{\"@id\":\"https:\/\/haphellegat.nl\/de\/#website\"},\"datePublished\":\"2025-05-23T11:48:16+00:00\",\"dateModified\":\"2025-08-18T15:48:42+00:00\",\"breadcrumb\":{\"@id\":\"https:\/\/haphellegat.nl\/de\/verfahren\/#breadcrumb\"},\"inLanguage\":\"de\",\"potentialAction\":[{\"@type\":\"ReadAction\",\"target\":[\"https:\/\/haphellegat.nl\/de\/verfahren\/\"]}]},{\"@type\":\"BreadcrumbList\",\"@id\":\"https:\/\/haphellegat.nl\/de\/verfahren\/#breadcrumb\",\"itemListElement\":[{\"@type\":\"ListItem\",\"position\":1,\"name\":\"Home\",\"item\":\"https:\/\/haphellegat.nl\/de\/\"},{\"@type\":\"ListItem\",\"position\":2,\"name\":\"Verfahren\"}]},{\"@type\":\"WebSite\",\"@id\":\"https:\/\/haphellegat.nl\/de\/#website\",\"url\":\"https:\/\/haphellegat.nl\/de\/\",\"name\":\"Huisartsenpost &#039;t Hellegat - Deutsch\",\"description\":\"\",\"potentialAction\":[{\"@type\":\"SearchAction\",\"target\":{\"@type\":\"EntryPoint\",\"urlTemplate\":\"https:\/\/haphellegat.nl\/de\/?s={search_term_string}\"},\"query-input\":{\"@type\":\"PropertyValueSpecification\",\"valueRequired\":true,\"valueName\":\"search_term_string\"}}],\"inLanguage\":\"de\"}]}<\/script>\n<!-- \/ Yoast SEO plugin. -->","yoast_head_json":{"title":"Verfahren - Huisartsenpost &#039;t Hellegat - Deutsch","robots":{"index":"index","follow":"follow","max-snippet":"max-snippet:-1","max-image-preview":"max-image-preview:large","max-video-preview":"max-video-preview:-1"},"canonical":"https:\/\/haphellegat.nl\/de\/verfahren\/","og_locale":"de_DE","og_type":"article","og_title":"Verfahren - Huisartsenpost &#039;t Hellegat - Deutsch","og_description":"Wie funktioniert die medizinische Station des Hausarztes? Gehen Sie zuerst die Fragen durch (Muss ich zum Arzt?) Sie k\u00f6nnen nicht einfach auf der medizinischen Station des Hausarztes vorbeischauen. Die Hausarztstation ist nur f\u00fcr dringende Beschwerden gedacht, die nicht bis zum n\u00e4chsten Werktag warten k\u00f6nnen. Gehen Sie zun\u00e4chst einige Fragen auf dieser Website durch, um zu [&hellip;]","og_url":"https:\/\/haphellegat.nl\/de\/verfahren\/","og_site_name":"Huisartsenpost &#039;t Hellegat - Deutsch","article_modified_time":"2025-08-18T15:48:42+00:00","twitter_card":"summary_large_image","twitter_misc":{"Gesch\u00e4tzte Lesezeit":"2\u00a0Minuten"},"schema":{"@context":"https:\/\/schema.org","@graph":[{"@type":"WebPage","@id":"https:\/\/haphellegat.nl\/de\/verfahren\/","url":"https:\/\/haphellegat.nl\/de\/verfahren\/","name":"Verfahren - Huisartsenpost &#039;t Hellegat - Deutsch","isPartOf":{"@id":"https:\/\/haphellegat.nl\/de\/#website"},"datePublished":"2025-05-23T11:48:16+00:00","dateModified":"2025-08-18T15:48:42+00:00","breadcrumb":{"@id":"https:\/\/haphellegat.nl\/de\/verfahren\/#breadcrumb"},"inLanguage":"de","potentialAction":[{"@type":"ReadAction","target":["https:\/\/haphellegat.nl\/de\/verfahren\/"]}]},{"@type":"BreadcrumbList","@id":"https:\/\/haphellegat.nl\/de\/verfahren\/#breadcrumb","itemListElement":[{"@type":"ListItem","position":1,"name":"Home","item":"https:\/\/haphellegat.nl\/de\/"},{"@type":"ListItem","position":2,"name":"Verfahren"}]},{"@type":"WebSite","@id":"https:\/\/haphellegat.nl\/de\/#website","url":"https:\/\/haphellegat.nl\/de\/","name":"Huisartsenpost &#039;t Hellegat - Deutsch","description":"","potentialAction":[{"@type":"SearchAction","target":{"@type":"EntryPoint","urlTemplate":"https:\/\/haphellegat.nl\/de\/?s={search_term_string}"},"query-input":{"@type":"PropertyValueSpecification","valueRequired":true,"valueName":"search_term_string"}}],"inLanguage":"de"}]}},"_links":{"self":[{"href":"https:\/\/haphellegat.nl\/de\/wp-json\/wp\/v2\/pages\/54597","targetHints":{"allow":["GET"]}}],"collection":[{"href":"https:\/\/haphellegat.nl\/de\/wp-json\/wp\/v2\/pages"}],"about":[{"href":"https:\/\/haphellegat.nl\/de\/wp-json\/wp\/v2\/types\/page"}],"author":[{"embeddable":true,"href":"https:\/\/haphellegat.nl\/de\/wp-json\/wp\/v2\/users\/3"}],"replies":[{"embeddable":true,"href":"https:\/\/haphellegat.nl\/de\/wp-json\/wp\/v2\/comments?post=54597"}],"version-history":[{"count":4,"href":"https:\/\/haphellegat.nl\/de\/wp-json\/wp\/v2\/pages\/54597\/revisions"}],"predecessor-version":[{"id":54687,"href":"https:\/\/haphellegat.nl\/de\/wp-json\/wp\/v2\/pages\/54597\/revisions\/54687"}],"wp:attachment":[{"href":"https:\/\/haphellegat.nl\/de\/wp-json\/wp\/v2\/media?parent=54597"}],"curies":[{"name":"wp","href":"https:\/\/api.w.org\/{rel}","templated":true}]}}