{"id":54593,"date":"2025-05-23T13:46:44","date_gmt":"2025-05-23T11:46:44","guid":{"rendered":"https:\/\/haphellegat.mindd.dev\/?page_id=54593"},"modified":"2025-08-18T17:48:43","modified_gmt":"2025-08-18T15:48:43","slug":"warum-zuerst-anrufen","status":"publish","type":"page","link":"https:\/\/haphellegat.nl\/de\/warum-zuerst-anrufen\/","title":{"rendered":"Warum zuerst anrufen?"},"content":{"rendered":"\n<p>Wir bekommen jeden Tag viele Anrufe. Wenn Sie <strong>zuerst anrufen<\/strong>, k\u00f6nnen wir feststellen, wie dringend Ihre Beschwerde ist. Unser Triage-Beauftragter wird Ihnen eine Reihe von Fragen stellen, um den Ernst Ihrer Situation (die Dringlichkeit) zu beurteilen. Manchmal stellen wir auch Standardfragen, die obligatorisch sind.<\/p>\n\n\n\n<p>Die Triage-Krankenschwester sorgt daf\u00fcr, dass Sie so schnell wie m\u00f6glich die richtige Hilfe zur richtigen Zeit erhalten.<\/p>\n\n\n\n<p>Rufen Sie nach jemand anderem? Machen Sie s.v.p. dat Sie beim Patienten sind und haben Sie die Daten zur Hand.<\/p>\n\n\n\n<p>Anhand des Telefongespr\u00e4chs erhalten Sie eine entsprechende Nachbereitungsberatung:<\/p>\n\n\n\n<p><strong>M\u00f6gliche Ergebnisse:<\/strong><\/p>\n\n\n\n<ul class=\"wp-block-list\">\n<li><strong>Beratung zur Selbstf\u00fcrsorge (Triage-Beratung)<\/strong><br>Bei weniger dringenden Beschwerden erhalten Sie telefonischen medizinischen Rat und k\u00f6nnen sich am n\u00e4chsten Werktag an Ihren eigenen Hausarzt wenden.<\/li>\n\n\n\n<li><strong>Beratung auf der Sanit\u00e4tsstation<\/strong><br>Sie erhalten einen Termin. Bitte beachten Sie: Dies ist eine Zielzeit. Patienten mit mehr Dringlichkeit gehen zuerst, so dass Sie m\u00f6glicherweise l\u00e4nger warten m\u00fcssen.<\/li>\n\n\n\n<li><strong>Besuch beim Hausarzt<\/strong><br>In einigen F\u00e4llen kommt der Arzt zu Ihnen nach Hause.<\/li>\n<\/ul>\n\n\n\n<p>Welche Daten m\u00f6chte die Triage-Schwester \u00fcber den Patienten wissen?<\/p>\n\n\n\n<ul class=\"wp-block-list\">\n<li>Name<\/li>\n\n\n\n<li>Geburtsdatum<\/li>\n\n\n\n<li>Adresse<\/li>\n\n\n\n<li>Telefonnummer, unter der Sie erreichbar sind<\/li>\n\n\n\n<li>Name des GP<\/li>\n\n\n\n<li>BSN-Nummer<\/li>\n\n\n\n<li>Einnahme von Medikamenten<\/li>\n\n\n\n<li>Medizinische Vorgeschichte<\/li>\n\n\n\n<li>H\u00f6he des Fiebers<\/li>\n<\/ul>\n","protected":false},"excerpt":{"rendered":"<p>Wir bekommen jeden Tag viele Anrufe. Wenn Sie zuerst anrufen, k\u00f6nnen wir feststellen, wie dringend Ihre Beschwerde ist. Unser Triage-Beauftragter wird Ihnen eine Reihe von Fragen stellen, um den Ernst Ihrer Situation (die Dringlichkeit) zu beurteilen. Manchmal stellen wir auch Standardfragen, die obligatorisch sind. Die Triage-Krankenschwester sorgt daf\u00fcr, dass Sie so schnell wie m\u00f6glich die [&hellip;]<\/p>\n","protected":false},"author":3,"featured_media":0,"parent":0,"menu_order":0,"comment_status":"closed","ping_status":"closed","template":"","meta":{"_acf_changed":false,"_trash_the_other_posts":false,"editor_notices":[],"footnotes":""},"class_list":["post-54593","page","type-page","status-publish","hentry"],"acf":[],"yoast_head":"<!-- This site is optimized with the Yoast SEO plugin v26.6 - https:\/\/yoast.com\/wordpress\/plugins\/seo\/ -->\n<title>Warum zuerst anrufen? - Huisartsenpost &#039;t Hellegat - Deutsch<\/title>\n<meta name=\"robots\" content=\"index, follow, max-snippet:-1, max-image-preview:large, max-video-preview:-1\" \/>\n<link rel=\"canonical\" href=\"https:\/\/haphellegat.nl\/de\/warum-zuerst-anrufen\/\" \/>\n<meta property=\"og:locale\" content=\"de_DE\" \/>\n<meta property=\"og:type\" content=\"article\" \/>\n<meta property=\"og:title\" content=\"Warum zuerst anrufen? - Huisartsenpost &#039;t Hellegat - Deutsch\" \/>\n<meta property=\"og:description\" content=\"Wir bekommen jeden Tag viele Anrufe. Wenn Sie zuerst anrufen, k\u00f6nnen wir feststellen, wie dringend Ihre Beschwerde ist. Unser Triage-Beauftragter wird Ihnen eine Reihe von Fragen stellen, um den Ernst Ihrer Situation (die Dringlichkeit) zu beurteilen. Manchmal stellen wir auch Standardfragen, die obligatorisch sind. Die Triage-Krankenschwester sorgt daf\u00fcr, dass Sie so schnell wie m\u00f6glich die [&hellip;]\" \/>\n<meta property=\"og:url\" content=\"https:\/\/haphellegat.nl\/de\/warum-zuerst-anrufen\/\" \/>\n<meta property=\"og:site_name\" content=\"Huisartsenpost &#039;t Hellegat - Deutsch\" \/>\n<meta property=\"article:modified_time\" content=\"2025-08-18T15:48:43+00:00\" \/>\n<meta name=\"twitter:card\" content=\"summary_large_image\" \/>\n<meta name=\"twitter:label1\" content=\"Gesch\u00e4tzte Lesezeit\" \/>\n\t<meta name=\"twitter:data1\" content=\"1\u00a0Minute\" \/>\n<script type=\"application\/ld+json\" class=\"yoast-schema-graph\">{\"@context\":\"https:\/\/schema.org\",\"@graph\":[{\"@type\":\"WebPage\",\"@id\":\"https:\/\/haphellegat.nl\/de\/warum-zuerst-anrufen\/\",\"url\":\"https:\/\/haphellegat.nl\/de\/warum-zuerst-anrufen\/\",\"name\":\"Warum zuerst anrufen? - Huisartsenpost &#039;t Hellegat - Deutsch\",\"isPartOf\":{\"@id\":\"https:\/\/haphellegat.nl\/de\/#website\"},\"datePublished\":\"2025-05-23T11:46:44+00:00\",\"dateModified\":\"2025-08-18T15:48:43+00:00\",\"breadcrumb\":{\"@id\":\"https:\/\/haphellegat.nl\/de\/warum-zuerst-anrufen\/#breadcrumb\"},\"inLanguage\":\"de\",\"potentialAction\":[{\"@type\":\"ReadAction\",\"target\":[\"https:\/\/haphellegat.nl\/de\/warum-zuerst-anrufen\/\"]}]},{\"@type\":\"BreadcrumbList\",\"@id\":\"https:\/\/haphellegat.nl\/de\/warum-zuerst-anrufen\/#breadcrumb\",\"itemListElement\":[{\"@type\":\"ListItem\",\"position\":1,\"name\":\"Home\",\"item\":\"https:\/\/haphellegat.nl\/de\/\"},{\"@type\":\"ListItem\",\"position\":2,\"name\":\"Warum zuerst anrufen?\"}]},{\"@type\":\"WebSite\",\"@id\":\"https:\/\/haphellegat.nl\/de\/#website\",\"url\":\"https:\/\/haphellegat.nl\/de\/\",\"name\":\"Huisartsenpost &#039;t Hellegat - Deutsch\",\"description\":\"\",\"potentialAction\":[{\"@type\":\"SearchAction\",\"target\":{\"@type\":\"EntryPoint\",\"urlTemplate\":\"https:\/\/haphellegat.nl\/de\/?s={search_term_string}\"},\"query-input\":{\"@type\":\"PropertyValueSpecification\",\"valueRequired\":true,\"valueName\":\"search_term_string\"}}],\"inLanguage\":\"de\"}]}<\/script>\n<!-- \/ Yoast SEO plugin. -->","yoast_head_json":{"title":"Warum zuerst anrufen? - Huisartsenpost &#039;t Hellegat - Deutsch","robots":{"index":"index","follow":"follow","max-snippet":"max-snippet:-1","max-image-preview":"max-image-preview:large","max-video-preview":"max-video-preview:-1"},"canonical":"https:\/\/haphellegat.nl\/de\/warum-zuerst-anrufen\/","og_locale":"de_DE","og_type":"article","og_title":"Warum zuerst anrufen? - Huisartsenpost &#039;t Hellegat - Deutsch","og_description":"Wir bekommen jeden Tag viele Anrufe. Wenn Sie zuerst anrufen, k\u00f6nnen wir feststellen, wie dringend Ihre Beschwerde ist. Unser Triage-Beauftragter wird Ihnen eine Reihe von Fragen stellen, um den Ernst Ihrer Situation (die Dringlichkeit) zu beurteilen. Manchmal stellen wir auch Standardfragen, die obligatorisch sind. Die Triage-Krankenschwester sorgt daf\u00fcr, dass Sie so schnell wie m\u00f6glich die [&hellip;]","og_url":"https:\/\/haphellegat.nl\/de\/warum-zuerst-anrufen\/","og_site_name":"Huisartsenpost &#039;t Hellegat - Deutsch","article_modified_time":"2025-08-18T15:48:43+00:00","twitter_card":"summary_large_image","twitter_misc":{"Gesch\u00e4tzte Lesezeit":"1\u00a0Minute"},"schema":{"@context":"https:\/\/schema.org","@graph":[{"@type":"WebPage","@id":"https:\/\/haphellegat.nl\/de\/warum-zuerst-anrufen\/","url":"https:\/\/haphellegat.nl\/de\/warum-zuerst-anrufen\/","name":"Warum zuerst anrufen? - Huisartsenpost &#039;t Hellegat - Deutsch","isPartOf":{"@id":"https:\/\/haphellegat.nl\/de\/#website"},"datePublished":"2025-05-23T11:46:44+00:00","dateModified":"2025-08-18T15:48:43+00:00","breadcrumb":{"@id":"https:\/\/haphellegat.nl\/de\/warum-zuerst-anrufen\/#breadcrumb"},"inLanguage":"de","potentialAction":[{"@type":"ReadAction","target":["https:\/\/haphellegat.nl\/de\/warum-zuerst-anrufen\/"]}]},{"@type":"BreadcrumbList","@id":"https:\/\/haphellegat.nl\/de\/warum-zuerst-anrufen\/#breadcrumb","itemListElement":[{"@type":"ListItem","position":1,"name":"Home","item":"https:\/\/haphellegat.nl\/de\/"},{"@type":"ListItem","position":2,"name":"Warum zuerst anrufen?"}]},{"@type":"WebSite","@id":"https:\/\/haphellegat.nl\/de\/#website","url":"https:\/\/haphellegat.nl\/de\/","name":"Huisartsenpost &#039;t Hellegat - Deutsch","description":"","potentialAction":[{"@type":"SearchAction","target":{"@type":"EntryPoint","urlTemplate":"https:\/\/haphellegat.nl\/de\/?s={search_term_string}"},"query-input":{"@type":"PropertyValueSpecification","valueRequired":true,"valueName":"search_term_string"}}],"inLanguage":"de"}]}},"_links":{"self":[{"href":"https:\/\/haphellegat.nl\/de\/wp-json\/wp\/v2\/pages\/54593","targetHints":{"allow":["GET"]}}],"collection":[{"href":"https:\/\/haphellegat.nl\/de\/wp-json\/wp\/v2\/pages"}],"about":[{"href":"https:\/\/haphellegat.nl\/de\/wp-json\/wp\/v2\/types\/page"}],"author":[{"embeddable":true,"href":"https:\/\/haphellegat.nl\/de\/wp-json\/wp\/v2\/users\/3"}],"replies":[{"embeddable":true,"href":"https:\/\/haphellegat.nl\/de\/wp-json\/wp\/v2\/comments?post=54593"}],"version-history":[{"count":2,"href":"https:\/\/haphellegat.nl\/de\/wp-json\/wp\/v2\/pages\/54593\/revisions"}],"predecessor-version":[{"id":54688,"href":"https:\/\/haphellegat.nl\/de\/wp-json\/wp\/v2\/pages\/54593\/revisions\/54688"}],"wp:attachment":[{"href":"https:\/\/haphellegat.nl\/de\/wp-json\/wp\/v2\/media?parent=54593"}],"curies":[{"name":"wp","href":"https:\/\/api.w.org\/{rel}","templated":true}]}}