{"id":54589,"date":"2025-05-23T12:25:29","date_gmt":"2025-05-23T10:25:29","guid":{"rendered":"https:\/\/haphellegat.mindd.dev\/?page_id=54589"},"modified":"2025-08-18T17:48:44","modified_gmt":"2025-08-18T15:48:44","slug":"wann-ist-es-dringend","status":"publish","type":"page","link":"https:\/\/haphellegat.nl\/de\/wann-ist-es-dringend\/","title":{"rendered":"Wann ist es dringend?"},"content":{"rendered":"\n<p><strong>Wann gibt es einen Notfall?<\/strong><\/p>\n\n\n\n<p>Sie ben\u00f6tigen <strong>eine Notfallversorgung<\/strong> , wenn Sie pl\u00f6tzlich Symptome entwickeln, die nicht bis zum n\u00e4chsten Werktag von Ihrem eigenen Arzt warten k\u00f6nnen. Notfall bedeutet, dass Sie <strong>dringend<\/strong> medizinische Hilfe ben\u00f6tigen.<\/p>\n\n\n\n<p><strong>Beispiele f\u00fcr Notfallsituationen:<\/strong><\/p>\n\n\n\n<ul class=\"wp-block-list\">\n<li>Sie bekommen pl\u00f6tzlich Symptome, die sich schnell verschlimmern.<\/li>\n\n\n\n<li>Sie haben unertr\u00e4gliche Schmerzen oder starke Atemnot.<\/li>\n\n\n\n<li>Ihr Kind hat hohes Fieber, uriniert nicht mehr oder reagiert schlecht.<\/li>\n\n\n\n<li>Sie sind chronisch krank und Ihre Beschwerden verschlimmern sich schlagartig.<\/li>\n\n\n\n<li>Du bist so kurzatmig, dass du nicht mehr richtig laufen oder sprechen kannst.<\/li>\n<\/ul>\n\n\n\n<p>Es handelt sich also um Beschwerden, die pl\u00f6tzlich aufgetreten sind, sich schnell verschlimmern oder wenn die Schmerzen\/Atemnot unertr\u00e4glich sind.<\/p>\n\n\n\n<div class=\"wp-block-group is-nowrap is-layout-flex wp-container-core-group-is-layout-ad2f72ca wp-block-group-is-layout-flex\">\n<p class=\"has-black-color has-text-color has-link-color wp-elements-42dcc44b78871411a55a717c25f412f7\">In Situationen wie dieser: <\/p>\n\n\n\n<p class=\"has-vivid-red-color has-text-color has-link-color wp-elements-70ec30a84096e2079c8efbacf4e4b22a\"><strong>Rufen Sie sofort die medizinische Station an.<\/strong><\/p>\n\n\n\n<p><\/p>\n<\/div>\n\n\n\n<p><\/p>\n","protected":false},"excerpt":{"rendered":"<p>Wann gibt es einen Notfall? Sie ben\u00f6tigen eine Notfallversorgung , wenn Sie pl\u00f6tzlich Symptome entwickeln, die nicht bis zum n\u00e4chsten Werktag von Ihrem eigenen Arzt warten k\u00f6nnen. Notfall bedeutet, dass Sie dringend medizinische Hilfe ben\u00f6tigen. Beispiele f\u00fcr Notfallsituationen: Es handelt sich also um Beschwerden, die pl\u00f6tzlich aufgetreten sind, sich schnell verschlimmern oder wenn die Schmerzen\/Atemnot [&hellip;]<\/p>\n","protected":false},"author":3,"featured_media":0,"parent":0,"menu_order":0,"comment_status":"closed","ping_status":"closed","template":"","meta":{"_acf_changed":false,"_trash_the_other_posts":false,"editor_notices":[],"footnotes":""},"class_list":["post-54589","page","type-page","status-publish","hentry"],"acf":[],"yoast_head":"<!-- This site is optimized with the Yoast SEO plugin v26.6 - https:\/\/yoast.com\/wordpress\/plugins\/seo\/ -->\n<title>Wann ist es dringend? - Huisartsenpost &#039;t Hellegat - Deutsch<\/title>\n<meta name=\"robots\" content=\"index, follow, max-snippet:-1, max-image-preview:large, max-video-preview:-1\" \/>\n<link rel=\"canonical\" href=\"https:\/\/haphellegat.nl\/de\/wann-ist-es-dringend\/\" \/>\n<meta property=\"og:locale\" content=\"de_DE\" \/>\n<meta property=\"og:type\" content=\"article\" \/>\n<meta property=\"og:title\" content=\"Wann ist es dringend? - Huisartsenpost &#039;t Hellegat - Deutsch\" \/>\n<meta property=\"og:description\" content=\"Wann gibt es einen Notfall? Sie ben\u00f6tigen eine Notfallversorgung , wenn Sie pl\u00f6tzlich Symptome entwickeln, die nicht bis zum n\u00e4chsten Werktag von Ihrem eigenen Arzt warten k\u00f6nnen. Notfall bedeutet, dass Sie dringend medizinische Hilfe ben\u00f6tigen. Beispiele f\u00fcr Notfallsituationen: Es handelt sich also um Beschwerden, die pl\u00f6tzlich aufgetreten sind, sich schnell verschlimmern oder wenn die Schmerzen\/Atemnot [&hellip;]\" \/>\n<meta property=\"og:url\" content=\"https:\/\/haphellegat.nl\/de\/wann-ist-es-dringend\/\" \/>\n<meta property=\"og:site_name\" content=\"Huisartsenpost &#039;t Hellegat - Deutsch\" \/>\n<meta property=\"article:modified_time\" content=\"2025-08-18T15:48:44+00:00\" \/>\n<meta name=\"twitter:card\" content=\"summary_large_image\" \/>\n<meta name=\"twitter:label1\" content=\"Gesch\u00e4tzte Lesezeit\" \/>\n\t<meta name=\"twitter:data1\" content=\"1\u00a0Minute\" \/>\n<script type=\"application\/ld+json\" class=\"yoast-schema-graph\">{\"@context\":\"https:\/\/schema.org\",\"@graph\":[{\"@type\":\"WebPage\",\"@id\":\"https:\/\/haphellegat.nl\/de\/wann-ist-es-dringend\/\",\"url\":\"https:\/\/haphellegat.nl\/de\/wann-ist-es-dringend\/\",\"name\":\"Wann ist es dringend? - Huisartsenpost &#039;t Hellegat - Deutsch\",\"isPartOf\":{\"@id\":\"https:\/\/haphellegat.nl\/de\/#website\"},\"datePublished\":\"2025-05-23T10:25:29+00:00\",\"dateModified\":\"2025-08-18T15:48:44+00:00\",\"breadcrumb\":{\"@id\":\"https:\/\/haphellegat.nl\/de\/wann-ist-es-dringend\/#breadcrumb\"},\"inLanguage\":\"de\",\"potentialAction\":[{\"@type\":\"ReadAction\",\"target\":[\"https:\/\/haphellegat.nl\/de\/wann-ist-es-dringend\/\"]}]},{\"@type\":\"BreadcrumbList\",\"@id\":\"https:\/\/haphellegat.nl\/de\/wann-ist-es-dringend\/#breadcrumb\",\"itemListElement\":[{\"@type\":\"ListItem\",\"position\":1,\"name\":\"Home\",\"item\":\"https:\/\/haphellegat.nl\/de\/\"},{\"@type\":\"ListItem\",\"position\":2,\"name\":\"Wann ist es dringend?\"}]},{\"@type\":\"WebSite\",\"@id\":\"https:\/\/haphellegat.nl\/de\/#website\",\"url\":\"https:\/\/haphellegat.nl\/de\/\",\"name\":\"Huisartsenpost &#039;t Hellegat - Deutsch\",\"description\":\"\",\"potentialAction\":[{\"@type\":\"SearchAction\",\"target\":{\"@type\":\"EntryPoint\",\"urlTemplate\":\"https:\/\/haphellegat.nl\/de\/?s={search_term_string}\"},\"query-input\":{\"@type\":\"PropertyValueSpecification\",\"valueRequired\":true,\"valueName\":\"search_term_string\"}}],\"inLanguage\":\"de\"}]}<\/script>\n<!-- \/ Yoast SEO plugin. -->","yoast_head_json":{"title":"Wann ist es dringend? - Huisartsenpost &#039;t Hellegat - Deutsch","robots":{"index":"index","follow":"follow","max-snippet":"max-snippet:-1","max-image-preview":"max-image-preview:large","max-video-preview":"max-video-preview:-1"},"canonical":"https:\/\/haphellegat.nl\/de\/wann-ist-es-dringend\/","og_locale":"de_DE","og_type":"article","og_title":"Wann ist es dringend? - Huisartsenpost &#039;t Hellegat - Deutsch","og_description":"Wann gibt es einen Notfall? Sie ben\u00f6tigen eine Notfallversorgung , wenn Sie pl\u00f6tzlich Symptome entwickeln, die nicht bis zum n\u00e4chsten Werktag von Ihrem eigenen Arzt warten k\u00f6nnen. Notfall bedeutet, dass Sie dringend medizinische Hilfe ben\u00f6tigen. Beispiele f\u00fcr Notfallsituationen: Es handelt sich also um Beschwerden, die pl\u00f6tzlich aufgetreten sind, sich schnell verschlimmern oder wenn die Schmerzen\/Atemnot [&hellip;]","og_url":"https:\/\/haphellegat.nl\/de\/wann-ist-es-dringend\/","og_site_name":"Huisartsenpost &#039;t Hellegat - Deutsch","article_modified_time":"2025-08-18T15:48:44+00:00","twitter_card":"summary_large_image","twitter_misc":{"Gesch\u00e4tzte Lesezeit":"1\u00a0Minute"},"schema":{"@context":"https:\/\/schema.org","@graph":[{"@type":"WebPage","@id":"https:\/\/haphellegat.nl\/de\/wann-ist-es-dringend\/","url":"https:\/\/haphellegat.nl\/de\/wann-ist-es-dringend\/","name":"Wann ist es dringend? - Huisartsenpost &#039;t Hellegat - Deutsch","isPartOf":{"@id":"https:\/\/haphellegat.nl\/de\/#website"},"datePublished":"2025-05-23T10:25:29+00:00","dateModified":"2025-08-18T15:48:44+00:00","breadcrumb":{"@id":"https:\/\/haphellegat.nl\/de\/wann-ist-es-dringend\/#breadcrumb"},"inLanguage":"de","potentialAction":[{"@type":"ReadAction","target":["https:\/\/haphellegat.nl\/de\/wann-ist-es-dringend\/"]}]},{"@type":"BreadcrumbList","@id":"https:\/\/haphellegat.nl\/de\/wann-ist-es-dringend\/#breadcrumb","itemListElement":[{"@type":"ListItem","position":1,"name":"Home","item":"https:\/\/haphellegat.nl\/de\/"},{"@type":"ListItem","position":2,"name":"Wann ist es dringend?"}]},{"@type":"WebSite","@id":"https:\/\/haphellegat.nl\/de\/#website","url":"https:\/\/haphellegat.nl\/de\/","name":"Huisartsenpost &#039;t Hellegat - Deutsch","description":"","potentialAction":[{"@type":"SearchAction","target":{"@type":"EntryPoint","urlTemplate":"https:\/\/haphellegat.nl\/de\/?s={search_term_string}"},"query-input":{"@type":"PropertyValueSpecification","valueRequired":true,"valueName":"search_term_string"}}],"inLanguage":"de"}]}},"_links":{"self":[{"href":"https:\/\/haphellegat.nl\/de\/wp-json\/wp\/v2\/pages\/54589","targetHints":{"allow":["GET"]}}],"collection":[{"href":"https:\/\/haphellegat.nl\/de\/wp-json\/wp\/v2\/pages"}],"about":[{"href":"https:\/\/haphellegat.nl\/de\/wp-json\/wp\/v2\/types\/page"}],"author":[{"embeddable":true,"href":"https:\/\/haphellegat.nl\/de\/wp-json\/wp\/v2\/users\/3"}],"replies":[{"embeddable":true,"href":"https:\/\/haphellegat.nl\/de\/wp-json\/wp\/v2\/comments?post=54589"}],"version-history":[{"count":2,"href":"https:\/\/haphellegat.nl\/de\/wp-json\/wp\/v2\/pages\/54589\/revisions"}],"predecessor-version":[{"id":54690,"href":"https:\/\/haphellegat.nl\/de\/wp-json\/wp\/v2\/pages\/54589\/revisions\/54690"}],"wp:attachment":[{"href":"https:\/\/haphellegat.nl\/de\/wp-json\/wp\/v2\/media?parent=54589"}],"curies":[{"name":"wp","href":"https:\/\/api.w.org\/{rel}","templated":true}]}}