{"id":54556,"date":"2025-04-25T13:55:47","date_gmt":"2025-04-25T11:55:47","guid":{"rendered":"https:\/\/haphellegat.mindd.dev\/?page_id=54556"},"modified":"2025-08-18T17:48:46","modified_gmt":"2025-08-18T15:48:46","slug":"privatsphare","status":"publish","type":"page","link":"https:\/\/haphellegat.nl\/de\/privatsphare\/","title":{"rendered":"Privatsph\u00e4re"},"content":{"rendered":"\n<p>Diese Datenschutzerkl\u00e4rung wurde zuletzt am 31.03.2022 ge\u00e4ndert.<\/p>\n\n\n\n<p>Diese Datenschutzerkl\u00e4rung und Cookie-Erkl\u00e4rung bezieht sich auf die Website&nbsp;<a href=\"http:\/\/https\/\/haphellegat.nl\/\">https:\/\/haphellegat.nl\/&nbsp;<\/a>und der Selbsttriage-Service von &#8222;Muss ich zum Arzt gehen?&#8220;.<\/p>\n\n\n\n<h2 class=\"wp-block-heading\">Datenschutzerkl\u00e4rung HAP Hellegat<\/h2>\n\n\n\n<p><strong>Dem \u00c4rztlichen Notdienst Deutsch &#8218;t Hellegat<\/strong>&nbsp;<strong><\/strong>(im Folgenden: HAP Hellegat) ist der sorgf\u00e4ltige Umgang mit personenbezogenen Daten sehr wichtig. In dieser Datenschutzerkl\u00e4rung beschreiben wir, welche Ihrer personenbezogenen Daten wir verarbeiten, wie wir mit Ihren personenbezogenen Daten umgehen und welche Rechte Sie in diesem Zusammenhang haben.<\/p>\n\n\n\n<p>F\u00fcr die Datenverarbeitung ist HAP Hellegat verantwortlich. In dieser Datenschutzerkl\u00e4rung erl\u00e4utern wir, welche personenbezogenen Daten wir zu welchem Zweck erheben und verwenden. Wir empfehlen Ihnen, diese sorgf\u00e4ltig zu lesen. Bei unserer Verarbeitung halten wir uns an die Anforderungen der Datenschutzgesetzgebung. Das bedeutet unter anderem, dass:<\/p>\n\n\n\n<ul class=\"wp-block-list\">\n<li>Wir <strong>geben klar an,<\/strong> <strong>f\u00fcr welche Zwecke<\/strong> wir personenbezogene Daten verarbeiten. Wir tun dies durch diese Datenschutzerkl\u00e4rung;<\/li>\n\n\n\n<li>Wir <strong>beschr\u00e4nken unsere Erhebung personenbezogener Daten<\/strong> auf die personenbezogenen Daten, die f\u00fcr legitime Zwecke erforderlich sind;<\/li>\n\n\n\n<li>Wir <strong>bitten Sie zun\u00e4chst um Ihre ausdr\u00fcckliche Erlaubnis<\/strong> zur Verarbeitung Ihrer personenbezogenen Daten, wenn Ihre Zustimmung erforderlich ist;<\/li>\n\n\n\n<li>Wir <strong>ergreifen angemessene Sicherheitsma\u00dfnahmen<\/strong>, um Ihre personenbezogenen Daten zu sch\u00fctzen, und verlangen dies auch von Parteien, die personenbezogene Daten in unserem Auftrag verarbeiten;<\/li>\n\n\n\n<li>Wir respektieren Ihre Rechte, wie z. B. Ihr Recht <strong>auf Zugang, Berichtigung oder L\u00f6schung<\/strong>.<\/li>\n<\/ul>\n\n\n\n<h2 class=\"wp-block-heading\"><strong>Personenbezogene Daten und Zwecke<\/strong><\/h2>\n\n\n\n<p><strong>Der Selbsttriage-Dienst &#8222;Muss ich zum Arzt?&#8220;<\/strong><br>Bei der Nutzung des Selbsttriage-Dienstes &#8222;Muss ich zum Arzt gehen?&#8220; (im Folgenden: App) geben Sie \u00fcber unsere Website bestimmte personenbezogene Daten ein und hinterlassen bestimmte personenbezogene Daten. Da es sich um datenschutzrelevante Daten handelt, halten wir es f\u00fcr wichtig, dass wir sorgf\u00e4ltig damit umgehen.<\/p>\n\n\n\n<p>Bei der Nutzung der App geben Sie personenbezogene Daten \u00fcber sich selbst oder \u00fcber eine andere Person, f\u00fcr die Sie die App verwenden, ein und es wird eine Schlussfolgerung gezogen. Die personenbezogenen Daten, die wir von Ihnen \u00fcber diesen Dienst verarbeiten, sind:<\/p>\n\n\n\n<ul class=\"wp-block-list\">\n<li>Geschlecht<\/li>\n\n\n\n<li>Geburtsdatum<\/li>\n\n\n\n<li>Ergebnis jeder Triage (Dringlichkeit)<\/li>\n<\/ul>\n\n\n\n<p>Die eingegebenen Informationen sind in erster Linie notwendig, um die Frage &#8222;Muss ich zum Arzt gehen?&#8220; beantworten zu k\u00f6nnen. Ihr Geschlecht und Ihr Geburtsdatum werden vom Backend der App anonymisiert zum Zwecke der Analyse der Nutzung der App verarbeitet, um sicherzustellen, dass die App in Zukunft noch besser funktioniert und wir anonyme Statistiken erstellen k\u00f6nnen. Ihre IP-Adresse wird vom Webserver anonymisiert in eine Sitzungsnummer verarbeitet, so dass Ihre personenbezogenen Daten nicht zur\u00fcckverfolgt werden k\u00f6nnen.<\/p>\n\n\n\n<p><strong>Ihr Standort<\/strong>&nbsp;wird nur dann auf dem Ger\u00e4t gespeichert, mit dem Sie die Website nutzen, und wenn Sie den Link mit einer Kartenanwendung (z. B. Google Maps) verwenden, um eine Wegbeschreibung direkt zu Ihrem Hausarzt zu erhalten. Diese Daten werden&nbsp;nicht&nbsp;von uns, sondern vom Anbieter der Kartenanwendung gespeichert. Wir empfehlen Ihnen, die entsprechende Datenschutzerkl\u00e4rung zu lesen.<\/p>\n\n\n\n<p><strong>Wissenschaftliche Forschung<\/strong><br>Nachdem Sie Ratschl\u00e4ge von der App erhalten haben, werden Sie m\u00f6glicherweise um Ihre Hilfe gebeten, um die App zu verbessern. Es werden Ihnen maximal 4 Fragen gestellt und Sie werden dann gefragt, ob Sie an einer Studie bei Radboudumc teilnehmen m\u00f6chten. Ziel dieser Studie ist es, einen Einblick in das zu gewinnen, was Patienten mit den Ratschl\u00e4gen der App tun. Wenn Sie teilnehmen, erhalten Sie nach einer Woche eine E-Mail von Radboudumc mit einem Link zu einem kurzen Online-Fragebogen (maximal 4 Fragen). Um teilnehmen zu k\u00f6nnen, m\u00fcssen Sie sich Ihre E-Mail-Adresse notieren und der Verarbeitung Ihrer Daten zustimmen. Ihre E-Mail-Adresse und Ihre Antworten werden gem\u00e4\u00df der DSGVO anonymisiert verarbeitet und nur f\u00fcr diese Recherche verwendet.<br><br>Dar\u00fcber hinaus f\u00fchrt &#8222;Muss ich zum Arzt gehen?&#8220; wissenschaftliche Forschung in Zusammenarbeit mit verschiedenen Hausarztstellen durch. Das bedeutet, dass &#8222;Muss ich zum Arzt gehen?&#8220;, in Zusammenarbeit mit dem Hausarzt den Effekt der Selbsttriage, die Sicherheit und die Leistung der App postet, \u00fcberwacht und verbessert. Die zu diesem Zweck vom \u00c4rztlichen Notdienst Deutsch verwendeten Daten k\u00f6nnen nicht auf eine einzelne Person zur\u00fcckgef\u00fchrt werden, n\u00e4mlich: Patienten-ID, Zeitstempel des Beginns der telefonischen Triage, Alter in Jahren, Geschlecht, NTS-Eingangsbeschwerde, Dringlichkeit, Triagedauer und das Gespr\u00e4chsergebnis. Auf der Grundlage dieser telefonischen Triage-Daten und auf der Grundlage der Selbst-Triage-Daten wird eine Verkn\u00fcpfung hergestellt. Anhand der Selbsttriage-Beratung und des Gespr\u00e4chsergebnisses der telefonischen Triage k\u00f6nnen Forschende des Radboudumc f\u00fcr den \u00c4rztlichen Notdienst Deutsch die Wirkung, Sicherheit und Performance der App ermitteln.<\/p>\n\n\n\n<p><strong>Bitte beachten Sie.<\/strong>&nbsp;Wenn Sie Fragen zum Ergebnis der Selbsttriage der App oder zur Notwendigkeit eines Arztbesuchs haben, wenden Sie sich bitte an Ihren Hausarzt oder den \u00c4rztlichen Notdienst Deutsch. Sie k\u00f6nnen daher nur das Kontaktformular in der App nutzen, um falsche oder unvollst\u00e4ndige Daten zu melden. Sie k\u00f6nnen auch nach technischem Support fragen. Wenn Sie Feedback zur App geben, sollten Sie keine medizinischen Daten \u00fcber sich selbst angeben.<\/p>\n\n\n\n<p><strong>Feedback<\/strong><\/p>\n\n\n\n<p>Wir laden Sie ein, uns Feedback zu hinterlassen. Wenn Sie diese Einladung annehmen, werden wir Ihr Feedback in Kombination mit Ihrem Geschlecht und Geburtsdatum verwenden, um unsere Dienstleistungen zu verbessern. Wir bewahren Ihr Feedback bis zu zwei Jahre lang auf, nachdem Sie es eingereicht haben.<\/p>\n\n\n\n<h3 class=\"wp-block-heading\"><strong>An wen geben wir personenbezogene Daten weiter?<\/strong><\/h3>\n\n\n\n<p><strong>Weitergabe von Informationen an andere<br><\/strong>Ihre personenbezogenen Daten werden nicht zu kommerziellen Zwecken an Dritte weitergegeben. Des Weiteren kann HAP Hellegat im Rahmen der Erbringung ihrer Dienstleistungen Dritte beiziehen. Zum Beispiel wird die App von einem Dritten entwickelt und gehostet. Dritte sind Auftragsverarbeiter von HAP Hellegat. HAP Hellegats schlie\u00dft Vereinbarungen mit Auftragsverarbeitern ab, um sicherzustellen, dass personenbezogene Daten von diesen Parteien angemessen gesch\u00fctzt werden.<\/p>\n\n\n\n<p>Dar\u00fcber hinaus wird HAP Hellegat Ihre personenbezogenen Daten nicht an Dritte weitergeben, die nicht von HAP Hellegat beauftragt wurden, um die beabsichtigte Nutzung durch den Nutzer zu erm\u00f6glichen, es sei denn, HAP Hellegat ist gesetzlich dazu verpflichtet, Sie haben Ihre Einwilligung dazu erteilt oder HAP Hellegat hat ein berechtigtes Interesse daran. Bei Verdacht auf Missbrauch unserer Website und App k\u00f6nnen wir personenbezogene Daten an die gesetzlich zust\u00e4ndigen Beh\u00f6rden \u00fcbergeben.<\/p>\n\n\n\n<p><strong>Websites von Drittanbietern<\/strong><br>Diese Datenschutzerkl\u00e4rung gilt nicht f\u00fcr Websites Dritter, die \u00fcber Links mit unserer Website und\/oder App verbunden sind. Wir k\u00f6nnen nicht garantieren, dass diese Dritten Ihre personenbezogenen Daten zuverl\u00e4ssig oder sicher behandeln. Wir empfehlen Ihnen, die Datenschutzerkl\u00e4rung dieser Websites zu lesen, bevor Sie sie nutzen.<\/p>\n\n\n\n<h3 class=\"wp-block-heading\"><strong>Sicherheit personenbezogener Daten<\/strong><\/h3>\n\n\n\n<p><strong>Sicherheit<\/strong><br>Wir ergreifen geeignete Sicherheitsma\u00dfnahmen, um den Missbrauch und den unbefugten Zugriff auf Ihre personenbezogenen Daten zu begrenzen. Auf diese Weise stellen wir sicher, dass nur die notwendigen Personen Zugriff auf Ihre Daten haben, dass der Zugriff auf die Daten gesch\u00fctzt ist und dass unsere Sicherheitsma\u00dfnahmen regelm\u00e4\u00dfig \u00fcberpr\u00fcft werden.<\/p>\n\n\n\n<h3 class=\"wp-block-heading\"><strong>\u00c4nderungen an unserer Datenschutzerkl\u00e4rung<\/strong><\/h3>\n\n\n\n<p>Wir haben das Recht, \u00c4nderungen an dieser Datenschutzerkl\u00e4rung vorzunehmen. Es wird empfohlen, diese Datenschutzerkl\u00e4rung regelm\u00e4\u00dfig zu konsultieren, damit Sie \u00fcber diese \u00c4nderungen informiert sind.<\/p>\n\n\n\n<h3 class=\"wp-block-heading\"><strong>Ihre Rechte<\/strong><\/h3>\n\n\n\n<p><strong>Rechte der betroffenen Personen<\/strong><\/p>\n\n\n\n<p>Sie haben folgende Rechte:<\/p>\n\n\n\n<ul class=\"wp-block-list\">\n<li>Erhalten Sie eine Erkl\u00e4rung, welche personenbezogenen Daten wir haben und was wir damit tun.<\/li>\n\n\n\n<li>Zugang zu den genauen personenbezogenen Daten, die wir gespeichert haben.<\/li>\n\n\n\n<li>Korrigieren von Fehlern.<\/li>\n\n\n\n<li>(veraltete) personenbezogene Daten entfernen zu lassen.<\/li>\n\n\n\n<li>Widerruf der Einwilligung.<\/li>\n\n\n\n<li>Einschr\u00e4nkung der Datenverarbeitung.<\/li>\n\n\n\n<li>Erhalten Sie Ihre personenbezogenen Daten in digital lesbarem Standardformat zur \u00dcbertragung.<\/li>\n\n\n\n<li>Widersprechen Sie einer bestimmten Verwendung.<\/li>\n<\/ul>\n\n\n\n<p>HAP Hellegat wird Sie bitten, sich vor der Bearbeitung solcher Anfragen zu identifizieren. HAP Hellegat wird Sie innerhalb von vier Wochen nach Eingang des Antrags schriftlich \u00fcber seinen Entscheid informieren. Diese Frist kann jedoch aus Gr\u00fcnden, die mit den spezifischen Rechten der betroffenen Personen oder der Komplexit\u00e4t des Antrags zusammenh\u00e4ngen, verl\u00e4ngert werden. Sollten wir diese Frist verl\u00e4ngern, werden wir Sie rechtzeitig informieren. Sie k\u00f6nnen uns mit unserem Datenschutzbeauftragten \u00fcber&nbsp;info@haphellegat.nl kontaktieren.<\/p>\n\n\n\n<p>Wenn Sie mit der Art und Weise, wie wir mit der Verarbeitung Ihrer personenbezogenen Daten umgehen, nicht zufrieden sind, haben Sie das Recht, eine Beschwerde bei der&nbsp;<a href=\"http:\/\/www.autoriteitpersoonsgegevens.nl\/\">niederl\u00e4ndischen Datenschutzbeh\u00f6rde<\/a> einzureichen.&nbsp;<\/p>\n\n\n\n<p><strong>Kontaktangaben<\/strong><\/p>\n\n\n\n<p>\u00c4rztlicher Notdienst Deutsch &#8218;t Hellegat<br>Kerkstraat 26<br>3286AK Klaaswaal&nbsp;<br>Nummer der Handelskammer: 24331694&nbsp;<\/p>\n\n\n","protected":false},"excerpt":{"rendered":"<p>Diese Datenschutzerkl\u00e4rung wurde zuletzt am 31.03.2022 ge\u00e4ndert. Diese Datenschutzerkl\u00e4rung und Cookie-Erkl\u00e4rung bezieht sich auf die Website&nbsp;https:\/\/haphellegat.nl\/&nbsp;und der Selbsttriage-Service von &#8222;Muss ich zum Arzt gehen?&#8220;. Datenschutzerkl\u00e4rung HAP Hellegat Dem \u00c4rztlichen Notdienst Deutsch &#8218;t Hellegat&nbsp;(im Folgenden: HAP Hellegat) ist der sorgf\u00e4ltige Umgang mit personenbezogenen Daten sehr wichtig. In dieser Datenschutzerkl\u00e4rung beschreiben wir, welche Ihrer personenbezogenen Daten wir [&hellip;]<\/p>\n","protected":false},"author":3,"featured_media":0,"parent":0,"menu_order":0,"comment_status":"closed","ping_status":"closed","template":"Vorgabe","meta":{"_acf_changed":false,"_trash_the_other_posts":false,"editor_notices":[],"footnotes":""},"class_list":["post-54556","page","type-page","status-publish","hentry"],"acf":[],"yoast_head":"<!-- This site is optimized with the Yoast SEO plugin v26.6 - https:\/\/yoast.com\/wordpress\/plugins\/seo\/ -->\n<title>Privatsph\u00e4re - Huisartsenpost &#039;t Hellegat - Deutsch<\/title>\n<meta name=\"robots\" content=\"index, follow, max-snippet:-1, max-image-preview:large, max-video-preview:-1\" \/>\n<link rel=\"canonical\" href=\"https:\/\/haphellegat.nl\/de\/privatsphare\/\" \/>\n<meta property=\"og:locale\" content=\"de_DE\" \/>\n<meta property=\"og:type\" content=\"article\" \/>\n<meta property=\"og:title\" content=\"Privatsph\u00e4re - Huisartsenpost &#039;t Hellegat - Deutsch\" \/>\n<meta property=\"og:description\" content=\"Diese Datenschutzerkl\u00e4rung wurde zuletzt am 31.03.2022 ge\u00e4ndert. Diese Datenschutzerkl\u00e4rung und Cookie-Erkl\u00e4rung bezieht sich auf die Website&nbsp;https:\/\/haphellegat.nl\/&nbsp;und der Selbsttriage-Service von &#8222;Muss ich zum Arzt gehen?&#8220;. Datenschutzerkl\u00e4rung HAP Hellegat Dem \u00c4rztlichen Notdienst Deutsch &#8218;t Hellegat&nbsp;(im Folgenden: HAP Hellegat) ist der sorgf\u00e4ltige Umgang mit personenbezogenen Daten sehr wichtig. In dieser Datenschutzerkl\u00e4rung beschreiben wir, welche Ihrer personenbezogenen Daten wir [&hellip;]\" \/>\n<meta property=\"og:url\" content=\"https:\/\/haphellegat.nl\/de\/privatsphare\/\" \/>\n<meta property=\"og:site_name\" content=\"Huisartsenpost &#039;t Hellegat - Deutsch\" \/>\n<meta property=\"article:modified_time\" content=\"2025-08-18T15:48:46+00:00\" \/>\n<meta name=\"twitter:card\" content=\"summary_large_image\" \/>\n<meta name=\"twitter:label1\" content=\"Gesch\u00e4tzte Lesezeit\" \/>\n\t<meta name=\"twitter:data1\" content=\"7\u00a0Minuten\" \/>\n<script type=\"application\/ld+json\" class=\"yoast-schema-graph\">{\"@context\":\"https:\/\/schema.org\",\"@graph\":[{\"@type\":\"WebPage\",\"@id\":\"https:\/\/haphellegat.nl\/de\/privatsphare\/\",\"url\":\"https:\/\/haphellegat.nl\/de\/privatsphare\/\",\"name\":\"Privatsph\u00e4re - Huisartsenpost &#039;t Hellegat - Deutsch\",\"isPartOf\":{\"@id\":\"https:\/\/haphellegat.nl\/de\/#website\"},\"datePublished\":\"2025-04-25T11:55:47+00:00\",\"dateModified\":\"2025-08-18T15:48:46+00:00\",\"breadcrumb\":{\"@id\":\"https:\/\/haphellegat.nl\/de\/privatsphare\/#breadcrumb\"},\"inLanguage\":\"de\",\"potentialAction\":[{\"@type\":\"ReadAction\",\"target\":[\"https:\/\/haphellegat.nl\/de\/privatsphare\/\"]}]},{\"@type\":\"BreadcrumbList\",\"@id\":\"https:\/\/haphellegat.nl\/de\/privatsphare\/#breadcrumb\",\"itemListElement\":[{\"@type\":\"ListItem\",\"position\":1,\"name\":\"Home\",\"item\":\"https:\/\/haphellegat.nl\/de\/\"},{\"@type\":\"ListItem\",\"position\":2,\"name\":\"Privatsph\u00e4re\"}]},{\"@type\":\"WebSite\",\"@id\":\"https:\/\/haphellegat.nl\/de\/#website\",\"url\":\"https:\/\/haphellegat.nl\/de\/\",\"name\":\"Huisartsenpost &#039;t Hellegat - Deutsch\",\"description\":\"\",\"potentialAction\":[{\"@type\":\"SearchAction\",\"target\":{\"@type\":\"EntryPoint\",\"urlTemplate\":\"https:\/\/haphellegat.nl\/de\/?s={search_term_string}\"},\"query-input\":{\"@type\":\"PropertyValueSpecification\",\"valueRequired\":true,\"valueName\":\"search_term_string\"}}],\"inLanguage\":\"de\"}]}<\/script>\n<!-- \/ Yoast SEO plugin. -->","yoast_head_json":{"title":"Privatsph\u00e4re - Huisartsenpost &#039;t Hellegat - Deutsch","robots":{"index":"index","follow":"follow","max-snippet":"max-snippet:-1","max-image-preview":"max-image-preview:large","max-video-preview":"max-video-preview:-1"},"canonical":"https:\/\/haphellegat.nl\/de\/privatsphare\/","og_locale":"de_DE","og_type":"article","og_title":"Privatsph\u00e4re - Huisartsenpost &#039;t Hellegat - Deutsch","og_description":"Diese Datenschutzerkl\u00e4rung wurde zuletzt am 31.03.2022 ge\u00e4ndert. Diese Datenschutzerkl\u00e4rung und Cookie-Erkl\u00e4rung bezieht sich auf die Website&nbsp;https:\/\/haphellegat.nl\/&nbsp;und der Selbsttriage-Service von &#8222;Muss ich zum Arzt gehen?&#8220;. Datenschutzerkl\u00e4rung HAP Hellegat Dem \u00c4rztlichen Notdienst Deutsch &#8218;t Hellegat&nbsp;(im Folgenden: HAP Hellegat) ist der sorgf\u00e4ltige Umgang mit personenbezogenen Daten sehr wichtig. In dieser Datenschutzerkl\u00e4rung beschreiben wir, welche Ihrer personenbezogenen Daten wir [&hellip;]","og_url":"https:\/\/haphellegat.nl\/de\/privatsphare\/","og_site_name":"Huisartsenpost &#039;t Hellegat - Deutsch","article_modified_time":"2025-08-18T15:48:46+00:00","twitter_card":"summary_large_image","twitter_misc":{"Gesch\u00e4tzte Lesezeit":"7\u00a0Minuten"},"schema":{"@context":"https:\/\/schema.org","@graph":[{"@type":"WebPage","@id":"https:\/\/haphellegat.nl\/de\/privatsphare\/","url":"https:\/\/haphellegat.nl\/de\/privatsphare\/","name":"Privatsph\u00e4re - Huisartsenpost &#039;t Hellegat - Deutsch","isPartOf":{"@id":"https:\/\/haphellegat.nl\/de\/#website"},"datePublished":"2025-04-25T11:55:47+00:00","dateModified":"2025-08-18T15:48:46+00:00","breadcrumb":{"@id":"https:\/\/haphellegat.nl\/de\/privatsphare\/#breadcrumb"},"inLanguage":"de","potentialAction":[{"@type":"ReadAction","target":["https:\/\/haphellegat.nl\/de\/privatsphare\/"]}]},{"@type":"BreadcrumbList","@id":"https:\/\/haphellegat.nl\/de\/privatsphare\/#breadcrumb","itemListElement":[{"@type":"ListItem","position":1,"name":"Home","item":"https:\/\/haphellegat.nl\/de\/"},{"@type":"ListItem","position":2,"name":"Privatsph\u00e4re"}]},{"@type":"WebSite","@id":"https:\/\/haphellegat.nl\/de\/#website","url":"https:\/\/haphellegat.nl\/de\/","name":"Huisartsenpost &#039;t Hellegat - Deutsch","description":"","potentialAction":[{"@type":"SearchAction","target":{"@type":"EntryPoint","urlTemplate":"https:\/\/haphellegat.nl\/de\/?s={search_term_string}"},"query-input":{"@type":"PropertyValueSpecification","valueRequired":true,"valueName":"search_term_string"}}],"inLanguage":"de"}]}},"_links":{"self":[{"href":"https:\/\/haphellegat.nl\/de\/wp-json\/wp\/v2\/pages\/54556","targetHints":{"allow":["GET"]}}],"collection":[{"href":"https:\/\/haphellegat.nl\/de\/wp-json\/wp\/v2\/pages"}],"about":[{"href":"https:\/\/haphellegat.nl\/de\/wp-json\/wp\/v2\/types\/page"}],"author":[{"embeddable":true,"href":"https:\/\/haphellegat.nl\/de\/wp-json\/wp\/v2\/users\/3"}],"replies":[{"embeddable":true,"href":"https:\/\/haphellegat.nl\/de\/wp-json\/wp\/v2\/comments?post=54556"}],"version-history":[{"count":4,"href":"https:\/\/haphellegat.nl\/de\/wp-json\/wp\/v2\/pages\/54556\/revisions"}],"predecessor-version":[{"id":54692,"href":"https:\/\/haphellegat.nl\/de\/wp-json\/wp\/v2\/pages\/54556\/revisions\/54692"}],"wp:attachment":[{"href":"https:\/\/haphellegat.nl\/de\/wp-json\/wp\/v2\/media?parent=54556"}],"curies":[{"name":"wp","href":"https:\/\/api.w.org\/{rel}","templated":true}]}}