{"id":54129,"date":"2025-04-23T15:08:23","date_gmt":"2025-04-23T13:08:23","guid":{"rendered":"https:\/\/haphellegat.mindd.dev\/?page_id=54129"},"modified":"2025-08-18T17:49:11","modified_gmt":"2025-08-18T15:49:11","slug":"ablauf-der-beobachtung","status":"publish","type":"page","link":"https:\/\/haphellegat.nl\/de\/ablauf-der-beobachtung\/","title":{"rendered":"Ablauf der Beobachtung"},"content":{"rendered":"\n<p><strong>Als Beobachter registrieren<\/strong><\/p>\n\n\n\n<p>M\u00f6chten Sie als Beobachter bei HAP &#8218;t Hellegat arbeiten? Vielen Dank f\u00fcr Ihr Interesse! Um die Qualit\u00e4t der Pflege und Sicherheit an unseren Stellen zu gew\u00e4hrleisten, verwenden wir ein Registrierungsverfahren. Im Folgenden k\u00f6nnen Sie Schritt f\u00fcr Schritt lesen, wie es funktioniert:<\/p>\n\n\n\n<ol class=\"wp-block-list\">\n<li><strong>Bewerbung einreichen<\/strong><br>Sie k\u00f6nnen sich \u00fcber <a>info@haphellegat.nl<\/a> anmelden. Sobald Ihre Bewerbung bei uns eingegangen ist, senden wir Ihnen eine Eingangsbest\u00e4tigung zu.<br><br><\/li>\n\n\n\n<li><strong>Einreichung von Unterlagen<\/strong><br>Im Rahmen unserer Qualit\u00e4tspolitik sind wir verpflichtet, zu registrieren, wer an unseren Stellen arbeitet. Wir bitten Sie daher, u.a. folgende Unterlagen zur Verf\u00fcgung zu stellen:<br>\n<ul class=\"wp-block-list\">\n<li>Aktueller Auszug aus der Handelskammer<\/li>\n\n\n\n<li>Nachweis \u00fcber die Teilnahme an einer anerkannten Streitbeilegungsstelle<\/li>\n\n\n\n<li>Betriebs- und Berufshaftpflichtversicherung<\/li>\n\n\n\n<li>Vorgeschichte des Besch\u00e4ftigungsverlaufs<br><br><\/li>\n<\/ul>\n<\/li>\n\n\n\n<li><strong>Unterzeichnung des Anschlussvertrags<\/strong><br>Nach Erhalt Ihrer Unterlagen senden wir Ihnen eine Anschlussvereinbarung zu. Dieses Abkommen legt die gegenseitigen Vereinbarungen fest. Sobald Sie es unterschrieben haben, werden wir mit Ihrer Registrierung fortfahren.<br><br><\/li>\n\n\n\n<li><strong>Steuerung und Verarbeitung<\/strong><br>Wir pr\u00fcfen alle \u00fcbermittelten Daten und bearbeiten Ihre Anmeldung in unserem System.<br><br><\/li>\n\n\n\n<li><strong>Abschlie\u00dfende Best\u00e4tigung<\/strong><br>Nach Freigabe und Bearbeitung Ihrer Daten erhalten Sie eine abschlie\u00dfende Best\u00e4tigung Ihrer Anmeldung. Von diesem Moment an k\u00f6nnen Sie f\u00fcr Schichten an unseren Posten eingeplant werden.<br><\/li>\n<\/ol>\n\n\n\n<p>Wir hei\u00dfen Sie herzlich willkommen im HAP &#8218;t Hellegat!<\/p>\n\n\n\n<p>Haben Sie Fragen zum Verfahren? Nehmen Sie gerne Kontakt mit uns auf.<\/p>\n","protected":false},"excerpt":{"rendered":"<p>Als Beobachter registrieren M\u00f6chten Sie als Beobachter bei HAP &#8218;t Hellegat arbeiten? Vielen Dank f\u00fcr Ihr Interesse! Um die Qualit\u00e4t der Pflege und Sicherheit an unseren Stellen zu gew\u00e4hrleisten, verwenden wir ein Registrierungsverfahren. Im Folgenden k\u00f6nnen Sie Schritt f\u00fcr Schritt lesen, wie es funktioniert: Wir hei\u00dfen Sie herzlich willkommen im HAP &#8218;t Hellegat! Haben Sie [&hellip;]<\/p>\n","protected":false},"author":3,"featured_media":0,"parent":0,"menu_order":0,"comment_status":"closed","ping_status":"closed","template":"","meta":{"_acf_changed":false,"_trash_the_other_posts":false,"editor_notices":[],"footnotes":""},"class_list":["post-54129","page","type-page","status-publish","hentry"],"acf":[],"yoast_head":"<!-- This site is optimized with the Yoast SEO plugin v26.6 - https:\/\/yoast.com\/wordpress\/plugins\/seo\/ -->\n<title>Ablauf der Beobachtung - Huisartsenpost &#039;t Hellegat - Deutsch<\/title>\n<meta name=\"robots\" content=\"index, follow, max-snippet:-1, max-image-preview:large, max-video-preview:-1\" \/>\n<link rel=\"canonical\" href=\"https:\/\/haphellegat.nl\/de\/ablauf-der-beobachtung\/\" \/>\n<meta property=\"og:locale\" content=\"de_DE\" \/>\n<meta property=\"og:type\" content=\"article\" \/>\n<meta property=\"og:title\" content=\"Ablauf der Beobachtung - Huisartsenpost &#039;t Hellegat - Deutsch\" \/>\n<meta property=\"og:description\" content=\"Als Beobachter registrieren M\u00f6chten Sie als Beobachter bei HAP &#8218;t Hellegat arbeiten? Vielen Dank f\u00fcr Ihr Interesse! Um die Qualit\u00e4t der Pflege und Sicherheit an unseren Stellen zu gew\u00e4hrleisten, verwenden wir ein Registrierungsverfahren. Im Folgenden k\u00f6nnen Sie Schritt f\u00fcr Schritt lesen, wie es funktioniert: Wir hei\u00dfen Sie herzlich willkommen im HAP &#8218;t Hellegat! Haben Sie [&hellip;]\" \/>\n<meta property=\"og:url\" content=\"https:\/\/haphellegat.nl\/de\/ablauf-der-beobachtung\/\" \/>\n<meta property=\"og:site_name\" content=\"Huisartsenpost &#039;t Hellegat - Deutsch\" \/>\n<meta property=\"article:modified_time\" content=\"2025-08-18T15:49:11+00:00\" \/>\n<meta name=\"twitter:card\" content=\"summary_large_image\" \/>\n<meta name=\"twitter:label1\" content=\"Gesch\u00e4tzte Lesezeit\" \/>\n\t<meta name=\"twitter:data1\" content=\"2\u00a0Minuten\" \/>\n<script type=\"application\/ld+json\" class=\"yoast-schema-graph\">{\"@context\":\"https:\/\/schema.org\",\"@graph\":[{\"@type\":\"WebPage\",\"@id\":\"https:\/\/haphellegat.nl\/de\/ablauf-der-beobachtung\/\",\"url\":\"https:\/\/haphellegat.nl\/de\/ablauf-der-beobachtung\/\",\"name\":\"Ablauf der Beobachtung - Huisartsenpost &#039;t Hellegat - Deutsch\",\"isPartOf\":{\"@id\":\"https:\/\/haphellegat.nl\/de\/#website\"},\"datePublished\":\"2025-04-23T13:08:23+00:00\",\"dateModified\":\"2025-08-18T15:49:11+00:00\",\"breadcrumb\":{\"@id\":\"https:\/\/haphellegat.nl\/de\/ablauf-der-beobachtung\/#breadcrumb\"},\"inLanguage\":\"de\",\"potentialAction\":[{\"@type\":\"ReadAction\",\"target\":[\"https:\/\/haphellegat.nl\/de\/ablauf-der-beobachtung\/\"]}]},{\"@type\":\"BreadcrumbList\",\"@id\":\"https:\/\/haphellegat.nl\/de\/ablauf-der-beobachtung\/#breadcrumb\",\"itemListElement\":[{\"@type\":\"ListItem\",\"position\":1,\"name\":\"Home\",\"item\":\"https:\/\/haphellegat.nl\/de\/\"},{\"@type\":\"ListItem\",\"position\":2,\"name\":\"Ablauf der Beobachtung\"}]},{\"@type\":\"WebSite\",\"@id\":\"https:\/\/haphellegat.nl\/de\/#website\",\"url\":\"https:\/\/haphellegat.nl\/de\/\",\"name\":\"Huisartsenpost &#039;t Hellegat - Deutsch\",\"description\":\"\",\"potentialAction\":[{\"@type\":\"SearchAction\",\"target\":{\"@type\":\"EntryPoint\",\"urlTemplate\":\"https:\/\/haphellegat.nl\/de\/?s={search_term_string}\"},\"query-input\":{\"@type\":\"PropertyValueSpecification\",\"valueRequired\":true,\"valueName\":\"search_term_string\"}}],\"inLanguage\":\"de\"}]}<\/script>\n<!-- \/ Yoast SEO plugin. -->","yoast_head_json":{"title":"Ablauf der Beobachtung - Huisartsenpost &#039;t Hellegat - Deutsch","robots":{"index":"index","follow":"follow","max-snippet":"max-snippet:-1","max-image-preview":"max-image-preview:large","max-video-preview":"max-video-preview:-1"},"canonical":"https:\/\/haphellegat.nl\/de\/ablauf-der-beobachtung\/","og_locale":"de_DE","og_type":"article","og_title":"Ablauf der Beobachtung - Huisartsenpost &#039;t Hellegat - Deutsch","og_description":"Als Beobachter registrieren M\u00f6chten Sie als Beobachter bei HAP &#8218;t Hellegat arbeiten? Vielen Dank f\u00fcr Ihr Interesse! Um die Qualit\u00e4t der Pflege und Sicherheit an unseren Stellen zu gew\u00e4hrleisten, verwenden wir ein Registrierungsverfahren. Im Folgenden k\u00f6nnen Sie Schritt f\u00fcr Schritt lesen, wie es funktioniert: Wir hei\u00dfen Sie herzlich willkommen im HAP &#8218;t Hellegat! Haben Sie [&hellip;]","og_url":"https:\/\/haphellegat.nl\/de\/ablauf-der-beobachtung\/","og_site_name":"Huisartsenpost &#039;t Hellegat - Deutsch","article_modified_time":"2025-08-18T15:49:11+00:00","twitter_card":"summary_large_image","twitter_misc":{"Gesch\u00e4tzte Lesezeit":"2\u00a0Minuten"},"schema":{"@context":"https:\/\/schema.org","@graph":[{"@type":"WebPage","@id":"https:\/\/haphellegat.nl\/de\/ablauf-der-beobachtung\/","url":"https:\/\/haphellegat.nl\/de\/ablauf-der-beobachtung\/","name":"Ablauf der Beobachtung - Huisartsenpost &#039;t Hellegat - Deutsch","isPartOf":{"@id":"https:\/\/haphellegat.nl\/de\/#website"},"datePublished":"2025-04-23T13:08:23+00:00","dateModified":"2025-08-18T15:49:11+00:00","breadcrumb":{"@id":"https:\/\/haphellegat.nl\/de\/ablauf-der-beobachtung\/#breadcrumb"},"inLanguage":"de","potentialAction":[{"@type":"ReadAction","target":["https:\/\/haphellegat.nl\/de\/ablauf-der-beobachtung\/"]}]},{"@type":"BreadcrumbList","@id":"https:\/\/haphellegat.nl\/de\/ablauf-der-beobachtung\/#breadcrumb","itemListElement":[{"@type":"ListItem","position":1,"name":"Home","item":"https:\/\/haphellegat.nl\/de\/"},{"@type":"ListItem","position":2,"name":"Ablauf der Beobachtung"}]},{"@type":"WebSite","@id":"https:\/\/haphellegat.nl\/de\/#website","url":"https:\/\/haphellegat.nl\/de\/","name":"Huisartsenpost &#039;t Hellegat - Deutsch","description":"","potentialAction":[{"@type":"SearchAction","target":{"@type":"EntryPoint","urlTemplate":"https:\/\/haphellegat.nl\/de\/?s={search_term_string}"},"query-input":{"@type":"PropertyValueSpecification","valueRequired":true,"valueName":"search_term_string"}}],"inLanguage":"de"}]}},"_links":{"self":[{"href":"https:\/\/haphellegat.nl\/de\/wp-json\/wp\/v2\/pages\/54129","targetHints":{"allow":["GET"]}}],"collection":[{"href":"https:\/\/haphellegat.nl\/de\/wp-json\/wp\/v2\/pages"}],"about":[{"href":"https:\/\/haphellegat.nl\/de\/wp-json\/wp\/v2\/types\/page"}],"author":[{"embeddable":true,"href":"https:\/\/haphellegat.nl\/de\/wp-json\/wp\/v2\/users\/3"}],"replies":[{"embeddable":true,"href":"https:\/\/haphellegat.nl\/de\/wp-json\/wp\/v2\/comments?post=54129"}],"version-history":[{"count":6,"href":"https:\/\/haphellegat.nl\/de\/wp-json\/wp\/v2\/pages\/54129\/revisions"}],"predecessor-version":[{"id":54721,"href":"https:\/\/haphellegat.nl\/de\/wp-json\/wp\/v2\/pages\/54129\/revisions\/54721"}],"wp:attachment":[{"href":"https:\/\/haphellegat.nl\/de\/wp-json\/wp\/v2\/media?parent=54129"}],"curies":[{"name":"wp","href":"https:\/\/api.w.org\/{rel}","templated":true}]}}