{"id":54127,"date":"2025-04-23T15:08:02","date_gmt":"2025-04-23T13:08:02","guid":{"rendered":"https:\/\/haphellegat.mindd.dev\/?page_id=54127"},"modified":"2025-08-18T17:49:12","modified_gmt":"2025-08-18T15:49:12","slug":"uber-uns","status":"publish","type":"page","link":"https:\/\/haphellegat.nl\/de\/uber-uns\/","title":{"rendered":"\u00dcber uns"},"content":{"rendered":"\n<h2 class=\"wp-block-heading\">\u00c4rztlicher Notdienst Deutsch &#8218;t Hellegat<\/h2>\n\n\n\n<p>Der \u00c4rztliche Notdienst Deutsch &#8218;t Hellegat ist eine Partnerschaft zwischen Allgemeinmedizinern in der Region Goeree-Overflakkee und dem Hoeksche Waard. Die Haus\u00e4rztinnen und Haus\u00e4rzte bilden gemeinsam einen kooperativen Verein und k\u00fcmmern sich um die Organisation der haus\u00e4rztlichen Versorgung au\u00dferhalb der regul\u00e4ren Sprechzeiten \u2013 also abends, nachts, am Wochenende und an Feiertagen.<br>Mit einem gro\u00dfen Arbeitsbereich und einer intensiven Zusammenarbeit mit Kettenpartnern und anderen Gesundheitsorganisationen stellen wir eine barrierefreie Notfallversorgung f\u00fcr alle in der Region sicher.<\/p>\n\n\n\n<h2 class=\"wp-block-heading\">Assistenten<\/h2>\n\n\n\n<p>Dabei steht Ihnen eine erfahrene Arzthelferin zur Seite. Sie wird versuchen einzusch\u00e4tzen, ob Ihr Problem wirklich nicht bis zum n\u00e4chsten Tag oder bis nach dem Wochenende warten kann. Sie kann auch telefonisch beraten. Wenn Sie zur Sprechstunde kommen m\u00fcssen, wird sie daf\u00fcr einen Termin vereinbaren. Bitte beachten Sie, dass es manchmal sehr voll sein kann und Sie l\u00e4nger warten m\u00fcssen, als Sie es von Ihrem eigenen Hausarzt gewohnt sind. Kommen Sie also nicht unangemeldet, sondern rufen Sie zuerst an; So vermeiden Sie Probleme!<\/p>\n\n\n\n<h2 class=\"wp-block-heading\">Verfahren<\/h2>\n\n\n\n<p>Da es beim \u00c4rztlichen Notdienst Deutsch bessere Untersuchungs- und Behandlungsm\u00f6glichkeiten gibt, wird die Arzthelferin nach M\u00f6glichkeit einen Termin f\u00fcr die Sprechstunde vereinbaren. Bei Bedarf kommt der Hausarzt zusammen mit dem Fahrer zu Ihnen nach Hause; dies ist nur f\u00fcr solche Patienten bestimmt, die aus medizinischen Gr\u00fcnden nicht in der Lage sind, den \u00c4rztlichen Notdienst Deutsch aufzusuchen; Das Fehlen eines eigenen Transportmittels kann daher kein Grund sein. In F\u00e4llen, in denen der Transport nicht verantwortlich ist, wie z. B. bei Herzinfarkten und schweren Lungenerkrankungen, kann der Hausarzt zu Ihnen nach Hause kommen.<br>Bei Beschwerden, die \u00e4rgerlich, aber nicht dringend sind, k\u00f6nnen Sie sich nicht an den \u00c4rztlichen Notdienst Deutsch wenden. Wir schreiben keine Wiederholungsrezepte f\u00fcr nicht notwendige Medikamente aus. Wenn Sie an normalen Werktagen keine Zeit haben, den eigenen Hausarzt aufzusuchen, sollte dies kein Grund sein, sich an den \u00c4rztlichen Notdienst Deutsch zu wenden.<\/p>\n\n\n\n<h2 class=\"wp-block-heading\">Leitung und Aufsicht<\/h2>\n\n\n\n<p>Die laufende Gesch\u00e4ftsf\u00fchrung der Genossenschaft und der angeschlossenen Pflegeorganisation liegt in den H\u00e4nden eines dreik\u00f6pfigen Vorstandes.<\/p>\n\n\n\n<p>Dieses Gremium arbeitet unter der Aufsicht eines Aufsichtsrats, der daf\u00fcr sorgt, dass alles gem\u00e4\u00df den Vereinbarungen und im Interesse der Organisation abl\u00e4uft. Dar\u00fcber hinaus wird der Vorstand bei der Ausf\u00fchrung seiner t\u00e4glichen Arbeit von einem Direktor unterst\u00fctzt.<\/p>\n\n\n\n<p>Gemeinsam sorgen sie f\u00fcr Good Governance, Transparenz und die Kontinuit\u00e4t einer qualitativ hochwertigen haus\u00e4rztlichen Notfallversorgung au\u00dferhalb der B\u00fcrozeiten.<\/p>\n\n\n\n<h4 class=\"wp-block-heading\">T\u00e4gliche Verpflegung:<\/h4>\n\n\n\n<ul class=\"wp-block-list\">\n<li>Herr F. Quispel, Vorsitzender<\/li>\n\n\n\n<li>Herr H. Driece, Sekret\u00e4r<\/li>\n\n\n\n<li>Frau I. van der Waal, Schatzmeisterin<\/li>\n<\/ul>\n\n\n\n<h4 class=\"wp-block-heading\">Regisseur:<\/h4>\n\n\n\n<ul class=\"wp-block-list\">\n<li>Herr J. Janssen<\/li>\n<\/ul>\n\n\n\n<h4 class=\"wp-block-heading\">Aufsichtsrat:<\/h4>\n\n\n\n<ul class=\"wp-block-list\">\n<li>Herr P.H. Draaisma, Vorsitzender<\/li>\n\n\n\n<li>Herr W.C. Allaart<\/li>\n\n\n\n<li>Herr P. Boogaard<\/li>\n<\/ul>\n\n\n\n<p><\/p>\n","protected":false},"excerpt":{"rendered":"<p>\u00c4rztlicher Notdienst Deutsch &#8218;t Hellegat Der \u00c4rztliche Notdienst Deutsch &#8218;t Hellegat ist eine Partnerschaft zwischen Allgemeinmedizinern in der Region Goeree-Overflakkee und dem Hoeksche Waard. Die Haus\u00e4rztinnen und Haus\u00e4rzte bilden gemeinsam einen kooperativen Verein und k\u00fcmmern sich um die Organisation der haus\u00e4rztlichen Versorgung au\u00dferhalb der regul\u00e4ren Sprechzeiten \u2013 also abends, nachts, am Wochenende und an Feiertagen.Mit [&hellip;]<\/p>\n","protected":false},"author":3,"featured_media":0,"parent":0,"menu_order":0,"comment_status":"closed","ping_status":"closed","template":"","meta":{"_acf_changed":false,"_trash_the_other_posts":false,"editor_notices":[],"footnotes":""},"class_list":["post-54127","page","type-page","status-publish","hentry"],"acf":[],"yoast_head":"<!-- This site is optimized with the Yoast SEO plugin v26.6 - https:\/\/yoast.com\/wordpress\/plugins\/seo\/ -->\n<title>\u00dcber uns - Huisartsenpost &#039;t Hellegat - Deutsch<\/title>\n<meta name=\"robots\" content=\"index, follow, max-snippet:-1, max-image-preview:large, max-video-preview:-1\" \/>\n<link rel=\"canonical\" href=\"https:\/\/haphellegat.nl\/de\/uber-uns\/\" \/>\n<meta property=\"og:locale\" content=\"de_DE\" \/>\n<meta property=\"og:type\" content=\"article\" \/>\n<meta property=\"og:title\" content=\"\u00dcber uns - Huisartsenpost &#039;t Hellegat - Deutsch\" \/>\n<meta property=\"og:description\" content=\"\u00c4rztlicher Notdienst Deutsch &#8218;t Hellegat Der \u00c4rztliche Notdienst Deutsch &#8218;t Hellegat ist eine Partnerschaft zwischen Allgemeinmedizinern in der Region Goeree-Overflakkee und dem Hoeksche Waard. Die Haus\u00e4rztinnen und Haus\u00e4rzte bilden gemeinsam einen kooperativen Verein und k\u00fcmmern sich um die Organisation der haus\u00e4rztlichen Versorgung au\u00dferhalb der regul\u00e4ren Sprechzeiten \u2013 also abends, nachts, am Wochenende und an Feiertagen.Mit [&hellip;]\" \/>\n<meta property=\"og:url\" content=\"https:\/\/haphellegat.nl\/de\/uber-uns\/\" \/>\n<meta property=\"og:site_name\" content=\"Huisartsenpost &#039;t Hellegat - Deutsch\" \/>\n<meta property=\"article:modified_time\" content=\"2025-08-18T15:49:12+00:00\" \/>\n<meta name=\"twitter:card\" content=\"summary_large_image\" \/>\n<meta name=\"twitter:label1\" content=\"Gesch\u00e4tzte Lesezeit\" \/>\n\t<meta name=\"twitter:data1\" content=\"3\u00a0Minuten\" \/>\n<script type=\"application\/ld+json\" class=\"yoast-schema-graph\">{\"@context\":\"https:\/\/schema.org\",\"@graph\":[{\"@type\":\"WebPage\",\"@id\":\"https:\/\/haphellegat.nl\/de\/uber-uns\/\",\"url\":\"https:\/\/haphellegat.nl\/de\/uber-uns\/\",\"name\":\"\u00dcber uns - Huisartsenpost &#039;t Hellegat - Deutsch\",\"isPartOf\":{\"@id\":\"https:\/\/haphellegat.nl\/de\/#website\"},\"datePublished\":\"2025-04-23T13:08:02+00:00\",\"dateModified\":\"2025-08-18T15:49:12+00:00\",\"breadcrumb\":{\"@id\":\"https:\/\/haphellegat.nl\/de\/uber-uns\/#breadcrumb\"},\"inLanguage\":\"de\",\"potentialAction\":[{\"@type\":\"ReadAction\",\"target\":[\"https:\/\/haphellegat.nl\/de\/uber-uns\/\"]}]},{\"@type\":\"BreadcrumbList\",\"@id\":\"https:\/\/haphellegat.nl\/de\/uber-uns\/#breadcrumb\",\"itemListElement\":[{\"@type\":\"ListItem\",\"position\":1,\"name\":\"Home\",\"item\":\"https:\/\/haphellegat.nl\/de\/\"},{\"@type\":\"ListItem\",\"position\":2,\"name\":\"\u00dcber uns\"}]},{\"@type\":\"WebSite\",\"@id\":\"https:\/\/haphellegat.nl\/de\/#website\",\"url\":\"https:\/\/haphellegat.nl\/de\/\",\"name\":\"Huisartsenpost &#039;t Hellegat - Deutsch\",\"description\":\"\",\"potentialAction\":[{\"@type\":\"SearchAction\",\"target\":{\"@type\":\"EntryPoint\",\"urlTemplate\":\"https:\/\/haphellegat.nl\/de\/?s={search_term_string}\"},\"query-input\":{\"@type\":\"PropertyValueSpecification\",\"valueRequired\":true,\"valueName\":\"search_term_string\"}}],\"inLanguage\":\"de\"}]}<\/script>\n<!-- \/ Yoast SEO plugin. -->","yoast_head_json":{"title":"\u00dcber uns - Huisartsenpost &#039;t Hellegat - Deutsch","robots":{"index":"index","follow":"follow","max-snippet":"max-snippet:-1","max-image-preview":"max-image-preview:large","max-video-preview":"max-video-preview:-1"},"canonical":"https:\/\/haphellegat.nl\/de\/uber-uns\/","og_locale":"de_DE","og_type":"article","og_title":"\u00dcber uns - Huisartsenpost &#039;t Hellegat - Deutsch","og_description":"\u00c4rztlicher Notdienst Deutsch &#8218;t Hellegat Der \u00c4rztliche Notdienst Deutsch &#8218;t Hellegat ist eine Partnerschaft zwischen Allgemeinmedizinern in der Region Goeree-Overflakkee und dem Hoeksche Waard. Die Haus\u00e4rztinnen und Haus\u00e4rzte bilden gemeinsam einen kooperativen Verein und k\u00fcmmern sich um die Organisation der haus\u00e4rztlichen Versorgung au\u00dferhalb der regul\u00e4ren Sprechzeiten \u2013 also abends, nachts, am Wochenende und an Feiertagen.Mit [&hellip;]","og_url":"https:\/\/haphellegat.nl\/de\/uber-uns\/","og_site_name":"Huisartsenpost &#039;t Hellegat - Deutsch","article_modified_time":"2025-08-18T15:49:12+00:00","twitter_card":"summary_large_image","twitter_misc":{"Gesch\u00e4tzte Lesezeit":"3\u00a0Minuten"},"schema":{"@context":"https:\/\/schema.org","@graph":[{"@type":"WebPage","@id":"https:\/\/haphellegat.nl\/de\/uber-uns\/","url":"https:\/\/haphellegat.nl\/de\/uber-uns\/","name":"\u00dcber uns - Huisartsenpost &#039;t Hellegat - Deutsch","isPartOf":{"@id":"https:\/\/haphellegat.nl\/de\/#website"},"datePublished":"2025-04-23T13:08:02+00:00","dateModified":"2025-08-18T15:49:12+00:00","breadcrumb":{"@id":"https:\/\/haphellegat.nl\/de\/uber-uns\/#breadcrumb"},"inLanguage":"de","potentialAction":[{"@type":"ReadAction","target":["https:\/\/haphellegat.nl\/de\/uber-uns\/"]}]},{"@type":"BreadcrumbList","@id":"https:\/\/haphellegat.nl\/de\/uber-uns\/#breadcrumb","itemListElement":[{"@type":"ListItem","position":1,"name":"Home","item":"https:\/\/haphellegat.nl\/de\/"},{"@type":"ListItem","position":2,"name":"\u00dcber uns"}]},{"@type":"WebSite","@id":"https:\/\/haphellegat.nl\/de\/#website","url":"https:\/\/haphellegat.nl\/de\/","name":"Huisartsenpost &#039;t Hellegat - Deutsch","description":"","potentialAction":[{"@type":"SearchAction","target":{"@type":"EntryPoint","urlTemplate":"https:\/\/haphellegat.nl\/de\/?s={search_term_string}"},"query-input":{"@type":"PropertyValueSpecification","valueRequired":true,"valueName":"search_term_string"}}],"inLanguage":"de"}]}},"_links":{"self":[{"href":"https:\/\/haphellegat.nl\/de\/wp-json\/wp\/v2\/pages\/54127","targetHints":{"allow":["GET"]}}],"collection":[{"href":"https:\/\/haphellegat.nl\/de\/wp-json\/wp\/v2\/pages"}],"about":[{"href":"https:\/\/haphellegat.nl\/de\/wp-json\/wp\/v2\/types\/page"}],"author":[{"embeddable":true,"href":"https:\/\/haphellegat.nl\/de\/wp-json\/wp\/v2\/users\/3"}],"replies":[{"embeddable":true,"href":"https:\/\/haphellegat.nl\/de\/wp-json\/wp\/v2\/comments?post=54127"}],"version-history":[{"count":4,"href":"https:\/\/haphellegat.nl\/de\/wp-json\/wp\/v2\/pages\/54127\/revisions"}],"predecessor-version":[{"id":54722,"href":"https:\/\/haphellegat.nl\/de\/wp-json\/wp\/v2\/pages\/54127\/revisions\/54722"}],"wp:attachment":[{"href":"https:\/\/haphellegat.nl\/de\/wp-json\/wp\/v2\/media?parent=54127"}],"curies":[{"name":"wp","href":"https:\/\/api.w.org\/{rel}","templated":true}]}}