{"id":54120,"date":"2025-04-23T14:51:03","date_gmt":"2025-04-23T12:51:03","guid":{"rendered":"https:\/\/haphellegat.mindd.dev\/?page_id=54120"},"modified":"2025-08-18T17:49:14","modified_gmt":"2025-08-18T15:49:14","slug":"service-apotheke","status":"publish","type":"page","link":"https:\/\/haphellegat.nl\/de\/service-apotheke\/","title":{"rendered":"Service Apotheke"},"content":{"rendered":"\n<p>Abends, nachts und am Wochenende ist die Dienstapotheek Drechtsteden<br>(Dordrecht) oder die Dienstapotheek Rotterdam Zuid er\u00f6ffnet. In Situationen, in denen<br>Es ist nicht m\u00f6glich, Notfallmedikamente abzuholen, dies wird<br>betroffen. Die Krankenkasse \u00fcbernimmt diese Lieferkosten.<\/p>\n\n\n\n<h3 class=\"wp-block-heading\"><br>Service Apotheke Drechtsteden<\/h3>\n\n\n\n<p>Karel Lotsyweg 8<br>3318 AL Dordrecht<\/p>\n\n\n\n<p>Telefon: 078 \u2013 652 34 76<br>Telefax: 078 \u2013 652 34 75<br>E-Mail:&nbsp;<a href=\"javascript:__eae_open('znvygb:vasb@qvrafgncbgurrxqerpugfgrqra.ay');\">info@dienstapotheekdrechtsteden.nl<\/a><\/p>\n\n\n\n<h3 class=\"wp-block-heading\">Serviceapotheke Rotterdam S\u00fcd<\/h3>\n\n\n\n<p>Maasstadweg 59b<br>3079 DZ Rotterdam<\/p>\n\n\n\n<p>Telefon: 010 \u2013 486 63 28<br>Telefax: 010 \u2013 486 65 56<\/p>\n\n\n\n<p><strong>E-Mail:<\/strong><br>Bei Fragen:&nbsp;<a href=\"javascript:__eae_open('znvygb:mhvq@qncebggreqnz.ay');\">zuid@daprotterdam.nl<\/a><br>F\u00fcr Rezepte:&nbsp;<a href=\"javascript:__eae_open('znvygb:erprcgmhvq@qncebggreqnz.ay');\">receptzuid@daprotterdam.nl<\/a><\/p>\n\n\n\n<p><\/p>\n","protected":false},"excerpt":{"rendered":"<p>Abends, nachts und am Wochenende ist die Dienstapotheek Drechtsteden(Dordrecht) oder die Dienstapotheek Rotterdam Zuid er\u00f6ffnet. In Situationen, in denenEs ist nicht m\u00f6glich, Notfallmedikamente abzuholen, dies wirdbetroffen. Die Krankenkasse \u00fcbernimmt diese Lieferkosten. Service Apotheke Drechtsteden Karel Lotsyweg 83318 AL Dordrecht Telefon: 078 \u2013 652 34 76Telefax: 078 \u2013 652 34 75E-Mail:&nbsp;info@dienstapotheekdrechtsteden.nl Serviceapotheke Rotterdam S\u00fcd Maasstadweg 59b3079 [&hellip;]<\/p>\n","protected":false},"author":3,"featured_media":0,"parent":0,"menu_order":0,"comment_status":"closed","ping_status":"closed","template":"","meta":{"_acf_changed":false,"_trash_the_other_posts":false,"editor_notices":[],"footnotes":""},"class_list":["post-54120","page","type-page","status-publish","hentry"],"acf":[],"yoast_head":"<!-- This site is optimized with the Yoast SEO plugin v26.6 - https:\/\/yoast.com\/wordpress\/plugins\/seo\/ -->\n<title>Service Apotheke - Huisartsenpost &#039;t Hellegat - Deutsch<\/title>\n<meta name=\"robots\" content=\"index, follow, max-snippet:-1, max-image-preview:large, max-video-preview:-1\" \/>\n<link rel=\"canonical\" href=\"https:\/\/haphellegat.nl\/de\/service-apotheke\/\" \/>\n<meta property=\"og:locale\" content=\"de_DE\" \/>\n<meta property=\"og:type\" content=\"article\" \/>\n<meta property=\"og:title\" content=\"Service Apotheke - Huisartsenpost &#039;t Hellegat - Deutsch\" \/>\n<meta property=\"og:description\" content=\"Abends, nachts und am Wochenende ist die Dienstapotheek Drechtsteden(Dordrecht) oder die Dienstapotheek Rotterdam Zuid er\u00f6ffnet. In Situationen, in denenEs ist nicht m\u00f6glich, Notfallmedikamente abzuholen, dies wirdbetroffen. Die Krankenkasse \u00fcbernimmt diese Lieferkosten. Service Apotheke Drechtsteden Karel Lotsyweg 83318 AL Dordrecht Telefon: 078 \u2013 652 34 76Telefax: 078 \u2013 652 34 75E-Mail:&nbsp;info@dienstapotheekdrechtsteden.nl Serviceapotheke Rotterdam S\u00fcd Maasstadweg 59b3079 [&hellip;]\" \/>\n<meta property=\"og:url\" content=\"https:\/\/haphellegat.nl\/de\/service-apotheke\/\" \/>\n<meta property=\"og:site_name\" content=\"Huisartsenpost &#039;t Hellegat - Deutsch\" \/>\n<meta property=\"article:modified_time\" content=\"2025-08-18T15:49:14+00:00\" \/>\n<meta name=\"twitter:card\" content=\"summary_large_image\" \/>\n<meta name=\"twitter:label1\" content=\"Gesch\u00e4tzte Lesezeit\" \/>\n\t<meta name=\"twitter:data1\" content=\"1\u00a0Minute\" \/>\n<script type=\"application\/ld+json\" class=\"yoast-schema-graph\">{\"@context\":\"https:\/\/schema.org\",\"@graph\":[{\"@type\":\"WebPage\",\"@id\":\"https:\/\/haphellegat.nl\/de\/service-apotheke\/\",\"url\":\"https:\/\/haphellegat.nl\/de\/service-apotheke\/\",\"name\":\"Service Apotheke - Huisartsenpost &#039;t Hellegat - Deutsch\",\"isPartOf\":{\"@id\":\"https:\/\/haphellegat.nl\/de\/#website\"},\"datePublished\":\"2025-04-23T12:51:03+00:00\",\"dateModified\":\"2025-08-18T15:49:14+00:00\",\"breadcrumb\":{\"@id\":\"https:\/\/haphellegat.nl\/de\/service-apotheke\/#breadcrumb\"},\"inLanguage\":\"de\",\"potentialAction\":[{\"@type\":\"ReadAction\",\"target\":[\"https:\/\/haphellegat.nl\/de\/service-apotheke\/\"]}]},{\"@type\":\"BreadcrumbList\",\"@id\":\"https:\/\/haphellegat.nl\/de\/service-apotheke\/#breadcrumb\",\"itemListElement\":[{\"@type\":\"ListItem\",\"position\":1,\"name\":\"Home\",\"item\":\"https:\/\/haphellegat.nl\/de\/\"},{\"@type\":\"ListItem\",\"position\":2,\"name\":\"Service Apotheke\"}]},{\"@type\":\"WebSite\",\"@id\":\"https:\/\/haphellegat.nl\/de\/#website\",\"url\":\"https:\/\/haphellegat.nl\/de\/\",\"name\":\"Huisartsenpost &#039;t Hellegat - Deutsch\",\"description\":\"\",\"potentialAction\":[{\"@type\":\"SearchAction\",\"target\":{\"@type\":\"EntryPoint\",\"urlTemplate\":\"https:\/\/haphellegat.nl\/de\/?s={search_term_string}\"},\"query-input\":{\"@type\":\"PropertyValueSpecification\",\"valueRequired\":true,\"valueName\":\"search_term_string\"}}],\"inLanguage\":\"de\"}]}<\/script>\n<!-- \/ Yoast SEO plugin. -->","yoast_head_json":{"title":"Service Apotheke - Huisartsenpost &#039;t Hellegat - Deutsch","robots":{"index":"index","follow":"follow","max-snippet":"max-snippet:-1","max-image-preview":"max-image-preview:large","max-video-preview":"max-video-preview:-1"},"canonical":"https:\/\/haphellegat.nl\/de\/service-apotheke\/","og_locale":"de_DE","og_type":"article","og_title":"Service Apotheke - Huisartsenpost &#039;t Hellegat - Deutsch","og_description":"Abends, nachts und am Wochenende ist die Dienstapotheek Drechtsteden(Dordrecht) oder die Dienstapotheek Rotterdam Zuid er\u00f6ffnet. In Situationen, in denenEs ist nicht m\u00f6glich, Notfallmedikamente abzuholen, dies wirdbetroffen. Die Krankenkasse \u00fcbernimmt diese Lieferkosten. Service Apotheke Drechtsteden Karel Lotsyweg 83318 AL Dordrecht Telefon: 078 \u2013 652 34 76Telefax: 078 \u2013 652 34 75E-Mail:&nbsp;info@dienstapotheekdrechtsteden.nl Serviceapotheke Rotterdam S\u00fcd Maasstadweg 59b3079 [&hellip;]","og_url":"https:\/\/haphellegat.nl\/de\/service-apotheke\/","og_site_name":"Huisartsenpost &#039;t Hellegat - Deutsch","article_modified_time":"2025-08-18T15:49:14+00:00","twitter_card":"summary_large_image","twitter_misc":{"Gesch\u00e4tzte Lesezeit":"1\u00a0Minute"},"schema":{"@context":"https:\/\/schema.org","@graph":[{"@type":"WebPage","@id":"https:\/\/haphellegat.nl\/de\/service-apotheke\/","url":"https:\/\/haphellegat.nl\/de\/service-apotheke\/","name":"Service Apotheke - Huisartsenpost &#039;t Hellegat - Deutsch","isPartOf":{"@id":"https:\/\/haphellegat.nl\/de\/#website"},"datePublished":"2025-04-23T12:51:03+00:00","dateModified":"2025-08-18T15:49:14+00:00","breadcrumb":{"@id":"https:\/\/haphellegat.nl\/de\/service-apotheke\/#breadcrumb"},"inLanguage":"de","potentialAction":[{"@type":"ReadAction","target":["https:\/\/haphellegat.nl\/de\/service-apotheke\/"]}]},{"@type":"BreadcrumbList","@id":"https:\/\/haphellegat.nl\/de\/service-apotheke\/#breadcrumb","itemListElement":[{"@type":"ListItem","position":1,"name":"Home","item":"https:\/\/haphellegat.nl\/de\/"},{"@type":"ListItem","position":2,"name":"Service Apotheke"}]},{"@type":"WebSite","@id":"https:\/\/haphellegat.nl\/de\/#website","url":"https:\/\/haphellegat.nl\/de\/","name":"Huisartsenpost &#039;t Hellegat - Deutsch","description":"","potentialAction":[{"@type":"SearchAction","target":{"@type":"EntryPoint","urlTemplate":"https:\/\/haphellegat.nl\/de\/?s={search_term_string}"},"query-input":{"@type":"PropertyValueSpecification","valueRequired":true,"valueName":"search_term_string"}}],"inLanguage":"de"}]}},"_links":{"self":[{"href":"https:\/\/haphellegat.nl\/de\/wp-json\/wp\/v2\/pages\/54120","targetHints":{"allow":["GET"]}}],"collection":[{"href":"https:\/\/haphellegat.nl\/de\/wp-json\/wp\/v2\/pages"}],"about":[{"href":"https:\/\/haphellegat.nl\/de\/wp-json\/wp\/v2\/types\/page"}],"author":[{"embeddable":true,"href":"https:\/\/haphellegat.nl\/de\/wp-json\/wp\/v2\/users\/3"}],"replies":[{"embeddable":true,"href":"https:\/\/haphellegat.nl\/de\/wp-json\/wp\/v2\/comments?post=54120"}],"version-history":[{"count":2,"href":"https:\/\/haphellegat.nl\/de\/wp-json\/wp\/v2\/pages\/54120\/revisions"}],"predecessor-version":[{"id":54725,"href":"https:\/\/haphellegat.nl\/de\/wp-json\/wp\/v2\/pages\/54120\/revisions\/54725"}],"wp:attachment":[{"href":"https:\/\/haphellegat.nl\/de\/wp-json\/wp\/v2\/media?parent=54120"}],"curies":[{"name":"wp","href":"https:\/\/api.w.org\/{rel}","templated":true}]}}